{"id":1516,"date":"2025-05-18T12:43:04","date_gmt":"2025-05-18T18:43:04","guid":{"rendered":"https:\/\/keydonsa.com\/contact-us-with-side-map\/"},"modified":"2025-06-03T20:52:14","modified_gmt":"2025-06-04T02:52:14","slug":"contacto","status":"publish","type":"page","link":"https:\/\/keydonsa.com\/en\/contacto\/","title":{"rendered":"Contact"},"content":{"rendered":"<div class=\"grve-section grve-feature-header\" data-section-title=\"\" data-section-type=\"fullwidth-element\" data-image-type=\"none\" data-full-height=\"no\"><div class=\"grve-row grve-bookmark\"><div class=\"wpb_column grve-column grve-bookmark grve-column-1\">\n\t<div class=\"wpb_raw_code wpb_content_element wpb_raw_html\" >\n\t\t<div class=\"wpb_wrapper\">\n\t\t\t<iframe src=\"https:\/\/www.google.com\/maps\/embed?pb=!1m18!1m12!1m3!1d3771.0563935810333!2d-98.23358365679007!3d19.0612580029121!2m3!1f0!2f0!3f0!3m2!1i1024!2i768!4f13.1!3m3!1m2!1s0x85cfc6ad0a21e535%3A0x457706f678f8a832!2sKeydon%20S.A.%20de%20C.V.!5e0!3m2!1ses-419!2smx!4v1747606479302!5m2!1ses-419!2smx\" width=\"2860\" height=\"800\" style=\"border:0;\" allowfullscreen=\"\" loading=\"lazy\" referrerpolicy=\"no-referrer-when-downgrade\"><\/iframe>\n\t\t<\/div>\n\t<\/div>\n<\/div> <\/div><div class=\"grve-background-wrapper\"><\/div><\/div><div class=\"grve-section grve-primary-1 grve-feature-header\" data-section-title=\"\" data-section-type=\"fullwidth-element\" data-image-type=\"none\" data-full-height=\"no\"  style=\"background-color:#2d2c29;color:#ffffff;padding-top: 100px;padding-bottom: 100px;margin-bottom: 0px;\"><div class=\"grve-row grve-bookmark\"><div class=\"wpb_column grve-column grve-bookmark grve-column-1-3 vc_custom_1416055475000\"><div class=\"grve-element grve-box-icon grve-align-center grve-animated-item grve-fadeIn\" style=\"\" data-delay=\"400\"><div class=\"grve-icon grve-large grve-simple grve-no-shape grve-color-red grve-image-icon\"><img loading=\"lazy\" decoding=\"async\" width=\"60\" height=\"60\" src=\"https:\/\/keydonsa.com\/wp-content\/uploads\/2014\/10\/icon-location-white.png\" class=\"attachment-full size-full\" alt=\"\" srcset=\"https:\/\/keydonsa.com\/wp-content\/uploads\/2014\/10\/icon-location-white.png 1x,https:\/\/keydonsa.com\/wp-content\/uploads\/2014\/10\/icon-location-white.png 2x\" \/><\/div>  <div class=\"grve-box-content\"><h5 class=\"grve-box-title\"><span>Location<\/span><\/h5>    <p class=\"\">Street 53 Sur, Reforma Sur, 72160 Heroica Puebla de Zaragoza, Pue.<\/p>  <\/div><\/div><\/div><div class=\"wpb_column grve-column grve-bookmark grve-column-1-3 vc_custom_1414955155672\"><div class=\"grve-element grve-box-icon grve-align-center grve-animated-item grve-fadeIn\" style=\"\" data-delay=\"800\"><div class=\"grve-icon grve-large grve-simple grve-no-shape grve-color-white grve-image-icon\"><img loading=\"lazy\" decoding=\"async\" width=\"120\" height=\"120\" src=\"https:\/\/keydonsa.com\/wp-content\/uploads\/2014\/10\/icon-mobile-white@2x.png\" class=\"attachment-full size-full\" alt=\"\" srcset=\"https:\/\/keydonsa.com\/wp-content\/uploads\/2014\/10\/icon-mobile-white@2x.png 1x,https:\/\/keydonsa.com\/wp-content\/uploads\/2014\/10\/icon-mobile-white@2x.png 2x\" \/><\/div>  <div class=\"grve-box-content\"><h5 class=\"grve-box-title\"><span>Telephone<\/span><\/h5>    <p class=\"\">222 231 3031<\/p>  <\/div><\/div><\/div><div class=\"wpb_column grve-column grve-bookmark grve-column-1-3 vc_custom_1416055492015\"><div class=\"grve-element grve-box-icon grve-align-center grve-animated-item grve-fadeIn\" style=\"\" data-delay=\"1200\"><div class=\"grve-icon grve-large grve-simple grve-no-shape grve-color-white grve-image-icon\"><img loading=\"lazy\" decoding=\"async\" width=\"60\" height=\"60\" src=\"https:\/\/keydonsa.com\/wp-content\/uploads\/2014\/10\/icon-support-white-02.png\" class=\"attachment-full size-full\" alt=\"\" srcset=\"https:\/\/keydonsa.com\/wp-content\/uploads\/2014\/10\/icon-support-white-02.png 1x,https:\/\/keydonsa.com\/wp-content\/uploads\/2014\/10\/icon-support-white-02@2x.png 2x\" \/><\/div>  <div class=\"grve-box-content\"><h5 class=\"grve-box-title\"><span>Support<\/span><\/h5>    <p class=\"\">info@keydonsa.com<\/p>  <\/div><\/div><\/div> <\/div><div class=\"grve-background-wrapper\"><\/div><\/div><div class=\"grve-section\" data-section-title=\"\" data-section-type=\"fullwidth-background\" data-image-type=\"none\" data-full-height=\"no\"><div class=\"grve-row grve-bookmark\"><div class=\"wpb_column grve-column grve-bookmark grve-column-1\"><div class=\"vc_empty_space\"   style=\"height: 32px\"><span class=\"vc_empty_space_inner\"><\/span><\/div><\/div> <\/div><div class=\"grve-background-wrapper\"><\/div><\/div><div class=\"grve-section\" data-section-title=\"\" data-section-type=\"fullwidth-background\" data-image-type=\"none\" data-full-height=\"no\"><div class=\"grve-row grve-bookmark\"><div class=\"wpb_column grve-column grve-bookmark grve-column-1\"><div class=\"grve-element grve-text\"><h2 class=\"short mb-2\"><b>Contact<\/b><\/h2>\n<p class=\"mb-5\">Feel free to ask any questions or details!<\/p>\n<\/div>\n<div class=\"wpcf7 no-js\" id=\"wpcf7-f4391-o1\" lang=\"es-MX\" dir=\"ltr\" data-wpcf7-id=\"4391\">\n<div class=\"screen-reader-response\"><p role=\"status\" aria-live=\"polite\" aria-atomic=\"true\"><\/p> <ul><\/ul><\/div>\n<form action=\"\/en\/wp-json\/wp\/v2\/pages\/1516#wpcf7-f4391-o1\" method=\"post\" class=\"wpcf7-form init\" aria-label=\"Formulario de contacto\" novalidate=\"novalidate\" data-status=\"init\" data-trp-original-action=\"\/en\/wp-json\/wp\/v2\/pages\/1516#wpcf7-f4391-o1\">\n<div style=\"display: none;\">\n<input type=\"hidden\" name=\"_wpcf7\" value=\"4391\" \/>\n<input type=\"hidden\" name=\"_wpcf7_version\" value=\"6.0.6\" \/>\n<input type=\"hidden\" name=\"_wpcf7_locale\" value=\"es_MX\" \/>\n<input type=\"hidden\" name=\"_wpcf7_unit_tag\" value=\"wpcf7-f4391-o1\" \/>\n<input type=\"hidden\" name=\"_wpcf7_container_post\" value=\"0\" \/>\n<input type=\"hidden\" name=\"_wpcf7_posted_data_hash\" value=\"\" \/>\n<\/div>\n<p><label> NAME<br \/>\n<span class=\"wpcf7-form-control-wrap\" data-name=\"your-name\"><input size=\"40\" maxlength=\"400\" class=\"wpcf7-form-control wpcf7-text wpcf7-validates-as-required\" autocomplete=\"name\" aria-required=\"true\" aria-invalid=\"false\" value=\"\" type=\"text\" name=\"your-name\" \/><\/span> <\/label>\n<\/p>\n<p><label> EMAIL<br \/>\n<span class=\"wpcf7-form-control-wrap\" data-name=\"your-email\"><input size=\"40\" maxlength=\"400\" class=\"wpcf7-form-control wpcf7-email wpcf7-validates-as-required wpcf7-text wpcf7-validates-as-email\" autocomplete=\"email\" aria-required=\"true\" aria-invalid=\"false\" value=\"\" type=\"email\" name=\"your-email\" \/><\/span> <\/label>\n<\/p>\n<p><label> SUBJECT<br \/>\n<span class=\"wpcf7-form-control-wrap\" data-name=\"your-subject\"><input size=\"40\" maxlength=\"400\" class=\"wpcf7-form-control wpcf7-text wpcf7-validates-as-required\" aria-required=\"true\" aria-invalid=\"false\" value=\"\" type=\"text\" name=\"your-subject\" \/><\/span> <\/label>\n<\/p>\n<p><label> MESSAGE (OPTIONAL)<br \/>\n<span class=\"wpcf7-form-control-wrap\" data-name=\"your-message\"><textarea cols=\"40\" rows=\"10\" maxlength=\"2000\" class=\"wpcf7-form-control wpcf7-textarea\" aria-invalid=\"false\" name=\"your-message\"><\/textarea><\/span> <\/label>\n<\/p>\n<p><input class=\"wpcf7-form-control wpcf7-submit has-spinner\" type=\"submit\" value=\"SEND\" \/>\n<\/p><div class=\"wpcf7-response-output\" aria-hidden=\"true\"><\/div>\n<input type=\"hidden\" name=\"trp-form-language\" value=\"en\"\/><\/form>\n<\/div>\n<\/div> <\/div><div class=\"grve-background-wrapper\"><\/div><\/div><div class=\"grve-section\" data-section-title=\"\" data-section-type=\"fullwidth-background\" data-image-type=\"none\" data-full-height=\"no\"><div class=\"grve-row grve-bookmark\"><div class=\"wpb_column grve-column grve-bookmark grve-column-1\"><div class=\"vc_empty_space\"   style=\"height: 32px\"><span class=\"vc_empty_space_inner\"><\/span><\/div><\/div> <\/div><div class=\"grve-background-wrapper\"><\/div><\/div>","protected":false},"excerpt":{"rendered":"Ubicaci\u00f3n Calle 53 Sur, Reforma Sur, 72160 Heroica Puebla de Zaragoza, Pue. Tel\u00e9fono 222 231 3031 Soporte info@keydonsa.com Contacto Si\u00e9ntase libre de preguntar cualquier duda o detalle! Tu nombre Tu correo electr\u00f3nico Asunto Tu mensaje (opcional)","protected":false},"author":1,"featured_media":0,"parent":0,"menu_order":0,"comment_status":"open","ping_status":"closed","template":"","meta":{"footnotes":""},"class_list":["post-1516","page","type-page","status-publish","hentry"],"_links":{"self":[{"href":"https:\/\/keydonsa.com\/en\/wp-json\/wp\/v2\/pages\/1516","targetHints":{"allow":["GET"]}}],"collection":[{"href":"https:\/\/keydonsa.com\/en\/wp-json\/wp\/v2\/pages"}],"about":[{"href":"https:\/\/keydonsa.com\/en\/wp-json\/wp\/v2\/types\/page"}],"author":[{"embeddable":true,"href":"https:\/\/keydonsa.com\/en\/wp-json\/wp\/v2\/users\/1"}],"replies":[{"embeddable":true,"href":"https:\/\/keydonsa.com\/en\/wp-json\/wp\/v2\/comments?post=1516"}],"version-history":[{"count":19,"href":"https:\/\/keydonsa.com\/en\/wp-json\/wp\/v2\/pages\/1516\/revisions"}],"predecessor-version":[{"id":4643,"href":"https:\/\/keydonsa.com\/en\/wp-json\/wp\/v2\/pages\/1516\/revisions\/4643"}],"wp:attachment":[{"href":"https:\/\/keydonsa.com\/en\/wp-json\/wp\/v2\/media?parent=1516"}],"curies":[{"name":"wp","href":"https:\/\/api.w.org\/{rel}","templated":true}]}}