{"id":4014,"date":"2025-01-22T14:07:45","date_gmt":"2025-01-22T20:07:45","guid":{"rendered":"https:\/\/keydonsa.com\/home-v1\/"},"modified":"2025-07-27T17:11:20","modified_gmt":"2025-07-27T23:11:20","slug":"recipientes-a-presion-asme","status":"publish","type":"page","link":"https:\/\/keydonsa.com\/en\/recipientes-a-presion-asme\/","title":{"rendered":"ASME PRESSURE CONTAINERS"},"content":{"rendered":"<div id=\"recipientes\" class=\"grve-section\" data-section-title=\"\" data-section-type=\"fullwidth-background\" data-image-type=\"none\" data-full-height=\"no\"  style=\"padding-top: 30px;padding-bottom: 100px;margin-bottom: 0px;\"><div class=\"grve-row grve-bookmark\"><div class=\"wpb_column grve-column grve-bookmark grve-column-1\"><div class=\"grve-element grve-text\"><h3>ASME PRESSURE CONTAINERS<\/h3>\n<p>Dise\u00f1o y fabricaci\u00f3n de equipo original como recipientes a presi\u00f3n bajo ASME Sec. VIII Div. 1. Alineados con NOM-020-stps-2011.<\/p>\n<\/div><\/div><div class=\"wpb_column grve-column grve-bookmark grve-column-1-2 vc_custom_1418760771291\"><div class=\"grve-element grve-text\"><p><strong>We can manufacture:<\/strong><\/p>\n<ul>\n<li><b>Thermothanks for hot water<\/b>\u00a0para agua caliente<\/li>\n<li><b>Water and air filtering tanks.<\/b>\u00a0de agua y aire.<\/li>\n<li><b>Pressure tanks for compressed air in different capacities<\/b>\u00a0para aire comprimido en diferentes capacidades<\/li>\n<li><b>High pressure lungs<\/b>\u00a0para alta presi\u00f3n<\/li>\n<li><b>Chemical reactors, petrochemical and for foods<\/b>\u00a0qu\u00edmicos, petroqu\u00edmicos y alimentos<\/li>\n<li><b>A diverse set of processing equipment<\/b>\u00a0de equipos de procesos<\/li>\n<\/ul>\n<\/div><\/div><div class=\"wpb_column grve-column grve-bookmark grve-column-1-2\"><div class=\"grve-element grve-text\"><p>Welding application processes can be optimized by manual or automatic using high technology equipment.<\/p>\n<p><strong>Types of container covers.<\/strong><\/p>\n<ul>\n<li>Flat<\/li>\n<li>Semi-elliptical 2:1<\/li>\n<li>Conic<\/li>\n<li>Toriespheric<\/li>\n<li>Domed<\/li>\n<li>Toriconic<\/li>\n<li>Toriconic 80:10<\/li>\n<li>Flathead<\/li>\n<\/ul>\n<\/div><\/div> <\/div><div class=\"grve-background-wrapper\"><\/div><\/div><div class=\"grve-section\" data-section-title=\"\" data-section-type=\"fullwidth-background\" data-image-type=\"none\" data-full-height=\"no\"><div class=\"grve-row grve-bookmark\"><div class=\"wpb_column grve-column grve-bookmark grve-column-1\"><div class=\"grve-element grve-carousel-wrapper\"  style=\" \"><div class=\"grve-carousel-navigation grve-light\" data-navigation-type=\"1\">\t<div class=\"grve-carousel-buttons\">\t\t<div class=\"grve-carousel-prev grve-icon-nav-left\"><\/div>\t\t<div class=\"grve-carousel-next grve-icon-nav-right\"><\/div>\t<\/div><\/div><div class=\"grve-slider grve-carousel-element\" data-slider-speed=\"3500\" data-slider-pause=\"no\" data-navigation-type=\"1\" data-slider-autoplay=\"yes\" data-slider-autoheight=\"no\"><div class=\"grve-slider-item\">\t<figure class=\"grve-image-hover grve-zoom-in\">\t\t<div class=\"grve-media grve-dark-overlay grve-opacity-60\"><img loading=\"lazy\" decoding=\"async\" width=\"1920\" height=\"945\" src=\"https:\/\/keydonsa.com\/wp-content\/uploads\/2025\/06\/producto_banner_6.jpg\" class=\"attachment-grve-image-fullscreen size-grve-image-fullscreen\" alt=\"\" srcset=\"https:\/\/keydonsa.com\/wp-content\/uploads\/2025\/06\/producto_banner_6.jpg 1920w, https:\/\/keydonsa.com\/wp-content\/uploads\/2025\/06\/producto_banner_6-300x148.jpg 300w, https:\/\/keydonsa.com\/wp-content\/uploads\/2025\/06\/producto_banner_6-1024x504.jpg 1024w, https:\/\/keydonsa.com\/wp-content\/uploads\/2025\/06\/producto_banner_6-768x378.jpg 768w, https:\/\/keydonsa.com\/wp-content\/uploads\/2025\/06\/producto_banner_6-1536x756.jpg 1536w, https:\/\/keydonsa.com\/wp-content\/uploads\/2025\/06\/producto_banner_6-18x9.jpg 18w\" sizes=\"auto, (max-width: 1920px) 100vw, 1920px\" \/>\t\t<\/div><figcaption><h6 class=\"grve-title grve-dark\">producto_banner_6<\/h6><\/figcaption>\t<\/figure><\/div><div class=\"grve-slider-item\">\t<figure class=\"grve-image-hover grve-zoom-in\">\t\t<div class=\"grve-media grve-dark-overlay grve-opacity-60\"><img loading=\"lazy\" decoding=\"async\" width=\"1920\" height=\"945\" src=\"https:\/\/keydonsa.com\/wp-content\/uploads\/2025\/05\/producto_banner_1.jpg\" class=\"attachment-grve-image-fullscreen size-grve-image-fullscreen\" alt=\"\" srcset=\"https:\/\/keydonsa.com\/wp-content\/uploads\/2025\/05\/producto_banner_1.jpg 1920w, https:\/\/keydonsa.com\/wp-content\/uploads\/2025\/05\/producto_banner_1-300x148.jpg 300w, https:\/\/keydonsa.com\/wp-content\/uploads\/2025\/05\/producto_banner_1-1024x504.jpg 1024w, https:\/\/keydonsa.com\/wp-content\/uploads\/2025\/05\/producto_banner_1-768x378.jpg 768w, https:\/\/keydonsa.com\/wp-content\/uploads\/2025\/05\/producto_banner_1-1536x756.jpg 1536w, https:\/\/keydonsa.com\/wp-content\/uploads\/2025\/05\/producto_banner_1-18x9.jpg 18w\" sizes=\"auto, (max-width: 1920px) 100vw, 1920px\" \/>\t\t<\/div><figcaption><h6 class=\"grve-title grve-dark\">producto_banner_1<\/h6><\/figcaption>\t<\/figure><\/div><div class=\"grve-slider-item\">\t<figure class=\"grve-image-hover grve-zoom-in\">\t\t<div class=\"grve-media grve-dark-overlay grve-opacity-60\"><img loading=\"lazy\" decoding=\"async\" width=\"1920\" height=\"945\" src=\"https:\/\/keydonsa.com\/wp-content\/uploads\/2025\/05\/producto_banner_2.jpg\" class=\"attachment-grve-image-fullscreen size-grve-image-fullscreen\" alt=\"\" srcset=\"https:\/\/keydonsa.com\/wp-content\/uploads\/2025\/05\/producto_banner_2.jpg 1920w, https:\/\/keydonsa.com\/wp-content\/uploads\/2025\/05\/producto_banner_2-300x148.jpg 300w, https:\/\/keydonsa.com\/wp-content\/uploads\/2025\/05\/producto_banner_2-1024x504.jpg 1024w, https:\/\/keydonsa.com\/wp-content\/uploads\/2025\/05\/producto_banner_2-768x378.jpg 768w, https:\/\/keydonsa.com\/wp-content\/uploads\/2025\/05\/producto_banner_2-1536x756.jpg 1536w, https:\/\/keydonsa.com\/wp-content\/uploads\/2025\/05\/producto_banner_2-18x9.jpg 18w\" sizes=\"auto, (max-width: 1920px) 100vw, 1920px\" \/>\t\t<\/div><figcaption><h6 class=\"grve-title grve-dark\">producto_banner_2<\/h6><\/figcaption>\t<\/figure><\/div><div class=\"grve-slider-item\">\t<figure class=\"grve-image-hover grve-zoom-in\">\t\t<div class=\"grve-media grve-dark-overlay grve-opacity-60\"><img loading=\"lazy\" decoding=\"async\" width=\"1920\" height=\"945\" src=\"https:\/\/keydonsa.com\/wp-content\/uploads\/2025\/05\/producto_banner_3.jpg\" class=\"attachment-grve-image-fullscreen size-grve-image-fullscreen\" alt=\"\" srcset=\"https:\/\/keydonsa.com\/wp-content\/uploads\/2025\/05\/producto_banner_3.jpg 1920w, https:\/\/keydonsa.com\/wp-content\/uploads\/2025\/05\/producto_banner_3-300x148.jpg 300w, https:\/\/keydonsa.com\/wp-content\/uploads\/2025\/05\/producto_banner_3-1024x504.jpg 1024w, https:\/\/keydonsa.com\/wp-content\/uploads\/2025\/05\/producto_banner_3-768x378.jpg 768w, https:\/\/keydonsa.com\/wp-content\/uploads\/2025\/05\/producto_banner_3-1536x756.jpg 1536w, https:\/\/keydonsa.com\/wp-content\/uploads\/2025\/05\/producto_banner_3-18x9.jpg 18w\" sizes=\"auto, (max-width: 1920px) 100vw, 1920px\" \/>\t\t<\/div><figcaption><h6 class=\"grve-title grve-dark\">producto_banner_3<\/h6><\/figcaption>\t<\/figure><\/div><div class=\"grve-slider-item\">\t<figure class=\"grve-image-hover grve-zoom-in\">\t\t<div class=\"grve-media grve-dark-overlay grve-opacity-60\"><img loading=\"lazy\" decoding=\"async\" width=\"1920\" height=\"945\" src=\"https:\/\/keydonsa.com\/wp-content\/uploads\/2025\/05\/producto_banner_4.jpg\" class=\"attachment-grve-image-fullscreen size-grve-image-fullscreen\" alt=\"\" srcset=\"https:\/\/keydonsa.com\/wp-content\/uploads\/2025\/05\/producto_banner_4.jpg 1920w, https:\/\/keydonsa.com\/wp-content\/uploads\/2025\/05\/producto_banner_4-300x148.jpg 300w, https:\/\/keydonsa.com\/wp-content\/uploads\/2025\/05\/producto_banner_4-1024x504.jpg 1024w, https:\/\/keydonsa.com\/wp-content\/uploads\/2025\/05\/producto_banner_4-768x378.jpg 768w, https:\/\/keydonsa.com\/wp-content\/uploads\/2025\/05\/producto_banner_4-1536x756.jpg 1536w, https:\/\/keydonsa.com\/wp-content\/uploads\/2025\/05\/producto_banner_4-18x9.jpg 18w\" sizes=\"auto, (max-width: 1920px) 100vw, 1920px\" \/>\t\t<\/div><figcaption><h6 class=\"grve-title grve-dark\">producto_banner_4<\/h6><\/figcaption>\t<\/figure><\/div><div class=\"grve-slider-item\">\t<figure class=\"grve-image-hover grve-zoom-in\">\t\t<div class=\"grve-media grve-dark-overlay grve-opacity-60\"><img loading=\"lazy\" decoding=\"async\" width=\"1920\" height=\"945\" src=\"https:\/\/keydonsa.com\/wp-content\/uploads\/2025\/05\/producto_banner_5.jpg\" class=\"attachment-grve-image-fullscreen size-grve-image-fullscreen\" alt=\"\" srcset=\"https:\/\/keydonsa.com\/wp-content\/uploads\/2025\/05\/producto_banner_5.jpg 1920w, https:\/\/keydonsa.com\/wp-content\/uploads\/2025\/05\/producto_banner_5-300x148.jpg 300w, https:\/\/keydonsa.com\/wp-content\/uploads\/2025\/05\/producto_banner_5-1024x504.jpg 1024w, https:\/\/keydonsa.com\/wp-content\/uploads\/2025\/05\/producto_banner_5-768x378.jpg 768w, https:\/\/keydonsa.com\/wp-content\/uploads\/2025\/05\/producto_banner_5-1536x756.jpg 1536w, https:\/\/keydonsa.com\/wp-content\/uploads\/2025\/05\/producto_banner_5-18x9.jpg 18w\" sizes=\"auto, (max-width: 1920px) 100vw, 1920px\" \/>\t\t<\/div><figcaption><h6 class=\"grve-title grve-dark\">producto_banner_5<\/h6><\/figcaption>\t<\/figure><\/div><div class=\"grve-slider-item\">\t<figure class=\"grve-image-hover grve-zoom-in\">\t\t<div class=\"grve-media grve-dark-overlay grve-opacity-60\"><img loading=\"lazy\" decoding=\"async\" width=\"1920\" height=\"945\" src=\"https:\/\/keydonsa.com\/wp-content\/uploads\/2025\/06\/silo.jpg\" class=\"attachment-grve-image-fullscreen size-grve-image-fullscreen\" alt=\"\" srcset=\"https:\/\/keydonsa.com\/wp-content\/uploads\/2025\/06\/silo.jpg 1920w, https:\/\/keydonsa.com\/wp-content\/uploads\/2025\/06\/silo-300x148.jpg 300w, https:\/\/keydonsa.com\/wp-content\/uploads\/2025\/06\/silo-1024x504.jpg 1024w, https:\/\/keydonsa.com\/wp-content\/uploads\/2025\/06\/silo-768x378.jpg 768w, https:\/\/keydonsa.com\/wp-content\/uploads\/2025\/06\/silo-1536x756.jpg 1536w, https:\/\/keydonsa.com\/wp-content\/uploads\/2025\/06\/silo-18x9.jpg 18w\" sizes=\"auto, (max-width: 1920px) 100vw, 1920px\" \/>\t\t<\/div><figcaption><h6 class=\"grve-title grve-dark\">silo<\/h6><\/figcaption>\t<\/figure><\/div><div class=\"grve-slider-item\">\t<figure class=\"grve-image-hover grve-zoom-in\">\t\t<div class=\"grve-media grve-dark-overlay grve-opacity-60\"><img loading=\"lazy\" decoding=\"async\" width=\"1920\" height=\"945\" src=\"https:\/\/keydonsa.com\/wp-content\/uploads\/2025\/06\/tanque.jpg\" class=\"attachment-grve-image-fullscreen size-grve-image-fullscreen\" alt=\"\" srcset=\"https:\/\/keydonsa.com\/wp-content\/uploads\/2025\/06\/tanque.jpg 1920w, https:\/\/keydonsa.com\/wp-content\/uploads\/2025\/06\/tanque-300x148.jpg 300w, https:\/\/keydonsa.com\/wp-content\/uploads\/2025\/06\/tanque-1024x504.jpg 1024w, https:\/\/keydonsa.com\/wp-content\/uploads\/2025\/06\/tanque-768x378.jpg 768w, https:\/\/keydonsa.com\/wp-content\/uploads\/2025\/06\/tanque-1536x756.jpg 1536w, https:\/\/keydonsa.com\/wp-content\/uploads\/2025\/06\/tanque-18x9.jpg 18w\" sizes=\"auto, (max-width: 1920px) 100vw, 1920px\" \/>\t\t<\/div><figcaption><h6 class=\"grve-title grve-dark\">tanque<\/h6><\/figcaption>\t<\/figure><\/div><div class=\"grve-slider-item\">\t<figure class=\"grve-image-hover grve-zoom-in\">\t\t<div class=\"grve-media grve-dark-overlay grve-opacity-60\"><img loading=\"lazy\" decoding=\"async\" width=\"1920\" height=\"945\" src=\"https:\/\/keydonsa.com\/wp-content\/uploads\/2025\/06\/tanque1.jpg\" class=\"attachment-grve-image-fullscreen size-grve-image-fullscreen\" alt=\"\" srcset=\"https:\/\/keydonsa.com\/wp-content\/uploads\/2025\/06\/tanque1.jpg 1920w, https:\/\/keydonsa.com\/wp-content\/uploads\/2025\/06\/tanque1-300x148.jpg 300w, https:\/\/keydonsa.com\/wp-content\/uploads\/2025\/06\/tanque1-1024x504.jpg 1024w, https:\/\/keydonsa.com\/wp-content\/uploads\/2025\/06\/tanque1-768x378.jpg 768w, https:\/\/keydonsa.com\/wp-content\/uploads\/2025\/06\/tanque1-1536x756.jpg 1536w, https:\/\/keydonsa.com\/wp-content\/uploads\/2025\/06\/tanque1-18x9.jpg 18w\" sizes=\"auto, (max-width: 1920px) 100vw, 1920px\" \/>\t\t<\/div><figcaption><h6 class=\"grve-title grve-dark\">tanque1<\/h6><\/figcaption>\t<\/figure><\/div><div class=\"grve-slider-item\">\t<figure class=\"grve-image-hover grve-zoom-in\">\t\t<div class=\"grve-media grve-dark-overlay grve-opacity-60\"><img loading=\"lazy\" decoding=\"async\" width=\"1920\" height=\"945\" src=\"https:\/\/keydonsa.com\/wp-content\/uploads\/2025\/06\/tanques.jpg\" class=\"attachment-grve-image-fullscreen size-grve-image-fullscreen\" alt=\"\" srcset=\"https:\/\/keydonsa.com\/wp-content\/uploads\/2025\/06\/tanques.jpg 1920w, https:\/\/keydonsa.com\/wp-content\/uploads\/2025\/06\/tanques-300x148.jpg 300w, https:\/\/keydonsa.com\/wp-content\/uploads\/2025\/06\/tanques-1024x504.jpg 1024w, https:\/\/keydonsa.com\/wp-content\/uploads\/2025\/06\/tanques-768x378.jpg 768w, https:\/\/keydonsa.com\/wp-content\/uploads\/2025\/06\/tanques-1536x756.jpg 1536w, https:\/\/keydonsa.com\/wp-content\/uploads\/2025\/06\/tanques-18x9.jpg 18w\" sizes=\"auto, (max-width: 1920px) 100vw, 1920px\" \/>\t\t<\/div><figcaption><h6 class=\"grve-title grve-dark\">tanques<\/h6><\/figcaption>\t<\/figure><\/div><div class=\"grve-slider-item\">\t<figure class=\"grve-image-hover grve-zoom-in\">\t\t<div class=\"grve-media grve-dark-overlay grve-opacity-60\"><img loading=\"lazy\" decoding=\"async\" width=\"1920\" height=\"945\" src=\"https:\/\/keydonsa.com\/wp-content\/uploads\/2025\/06\/tnk.jpg\" class=\"attachment-grve-image-fullscreen size-grve-image-fullscreen\" alt=\"\" srcset=\"https:\/\/keydonsa.com\/wp-content\/uploads\/2025\/06\/tnk.jpg 1920w, https:\/\/keydonsa.com\/wp-content\/uploads\/2025\/06\/tnk-300x148.jpg 300w, https:\/\/keydonsa.com\/wp-content\/uploads\/2025\/06\/tnk-1024x504.jpg 1024w, https:\/\/keydonsa.com\/wp-content\/uploads\/2025\/06\/tnk-768x378.jpg 768w, https:\/\/keydonsa.com\/wp-content\/uploads\/2025\/06\/tnk-1536x756.jpg 1536w, https:\/\/keydonsa.com\/wp-content\/uploads\/2025\/06\/tnk-18x9.jpg 18w\" sizes=\"auto, (max-width: 1920px) 100vw, 1920px\" \/>\t\t<\/div><figcaption><h6 class=\"grve-title grve-dark\">tnk<\/h6><\/figcaption>\t<\/figure><\/div><div class=\"grve-slider-item\">\t<figure class=\"grve-image-hover grve-zoom-in\">\t\t<div class=\"grve-media grve-dark-overlay grve-opacity-60\"><img loading=\"lazy\" decoding=\"async\" width=\"1920\" height=\"945\" src=\"https:\/\/keydonsa.com\/wp-content\/uploads\/2025\/06\/2tanques.jpg\" class=\"attachment-grve-image-fullscreen size-grve-image-fullscreen\" alt=\"\" srcset=\"https:\/\/keydonsa.com\/wp-content\/uploads\/2025\/06\/2tanques.jpg 1920w, https:\/\/keydonsa.com\/wp-content\/uploads\/2025\/06\/2tanques-300x148.jpg 300w, https:\/\/keydonsa.com\/wp-content\/uploads\/2025\/06\/2tanques-1024x504.jpg 1024w, https:\/\/keydonsa.com\/wp-content\/uploads\/2025\/06\/2tanques-768x378.jpg 768w, https:\/\/keydonsa.com\/wp-content\/uploads\/2025\/06\/2tanques-1536x756.jpg 1536w, https:\/\/keydonsa.com\/wp-content\/uploads\/2025\/06\/2tanques-18x9.jpg 18w\" sizes=\"auto, (max-width: 1920px) 100vw, 1920px\" \/>\t\t<\/div><figcaption><h6 class=\"grve-title grve-dark\">2tanques<\/h6><\/figcaption>\t<\/figure><\/div><div class=\"grve-slider-item\">\t<figure class=\"grve-image-hover grve-zoom-in\">\t\t<div class=\"grve-media grve-dark-overlay grve-opacity-60\"><img loading=\"lazy\" decoding=\"async\" width=\"1920\" height=\"945\" src=\"https:\/\/keydonsa.com\/wp-content\/uploads\/2025\/06\/111-proceso.jpg\" class=\"attachment-grve-image-fullscreen size-grve-image-fullscreen\" alt=\"\" srcset=\"https:\/\/keydonsa.com\/wp-content\/uploads\/2025\/06\/111-proceso.jpg 1920w, https:\/\/keydonsa.com\/wp-content\/uploads\/2025\/06\/111-proceso-300x148.jpg 300w, https:\/\/keydonsa.com\/wp-content\/uploads\/2025\/06\/111-proceso-1024x504.jpg 1024w, https:\/\/keydonsa.com\/wp-content\/uploads\/2025\/06\/111-proceso-768x378.jpg 768w, https:\/\/keydonsa.com\/wp-content\/uploads\/2025\/06\/111-proceso-1536x756.jpg 1536w, https:\/\/keydonsa.com\/wp-content\/uploads\/2025\/06\/111-proceso-18x9.jpg 18w\" sizes=\"auto, (max-width: 1920px) 100vw, 1920px\" \/>\t\t<\/div><figcaption><h6 class=\"grve-title grve-dark\">111 proceso<\/h6><\/figcaption>\t<\/figure><\/div><div class=\"grve-slider-item\">\t<figure class=\"grve-image-hover grve-zoom-in\">\t\t<div class=\"grve-media grve-dark-overlay grve-opacity-60\"><img loading=\"lazy\" decoding=\"async\" width=\"1920\" height=\"945\" src=\"https:\/\/keydonsa.com\/wp-content\/uploads\/2025\/06\/1500-aceido.jpg\" class=\"attachment-grve-image-fullscreen size-grve-image-fullscreen\" alt=\"\" srcset=\"https:\/\/keydonsa.com\/wp-content\/uploads\/2025\/06\/1500-aceido.jpg 1920w, https:\/\/keydonsa.com\/wp-content\/uploads\/2025\/06\/1500-aceido-300x148.jpg 300w, https:\/\/keydonsa.com\/wp-content\/uploads\/2025\/06\/1500-aceido-1024x504.jpg 1024w, https:\/\/keydonsa.com\/wp-content\/uploads\/2025\/06\/1500-aceido-768x378.jpg 768w, https:\/\/keydonsa.com\/wp-content\/uploads\/2025\/06\/1500-aceido-1536x756.jpg 1536w, https:\/\/keydonsa.com\/wp-content\/uploads\/2025\/06\/1500-aceido-18x9.jpg 18w\" sizes=\"auto, (max-width: 1920px) 100vw, 1920px\" \/>\t\t<\/div><figcaption><h6 class=\"grve-title grve-dark\">1500 aceido<\/h6><\/figcaption>\t<\/figure><\/div><div class=\"grve-slider-item\">\t<figure class=\"grve-image-hover grve-zoom-in\">\t\t<div class=\"grve-media grve-dark-overlay grve-opacity-60\"><img loading=\"lazy\" decoding=\"async\" width=\"1920\" height=\"945\" src=\"https:\/\/keydonsa.com\/wp-content\/uploads\/2025\/06\/saturador.jpg\" class=\"attachment-grve-image-fullscreen size-grve-image-fullscreen\" alt=\"\" srcset=\"https:\/\/keydonsa.com\/wp-content\/uploads\/2025\/06\/saturador.jpg 1920w, https:\/\/keydonsa.com\/wp-content\/uploads\/2025\/06\/saturador-300x148.jpg 300w, https:\/\/keydonsa.com\/wp-content\/uploads\/2025\/06\/saturador-1024x504.jpg 1024w, https:\/\/keydonsa.com\/wp-content\/uploads\/2025\/06\/saturador-768x378.jpg 768w, https:\/\/keydonsa.com\/wp-content\/uploads\/2025\/06\/saturador-1536x756.jpg 1536w, https:\/\/keydonsa.com\/wp-content\/uploads\/2025\/06\/saturador-18x9.jpg 18w\" sizes=\"auto, (max-width: 1920px) 100vw, 1920px\" \/>\t\t<\/div><figcaption><h6 class=\"grve-title grve-dark\">saturador<\/h6><\/figcaption>\t<\/figure><\/div><div class=\"grve-slider-item\">\t<figure class=\"grve-image-hover grve-zoom-in\">\t\t<div class=\"grve-media grve-dark-overlay grve-opacity-60\"><img loading=\"lazy\" decoding=\"async\" width=\"1920\" height=\"945\" src=\"https:\/\/keydonsa.com\/wp-content\/uploads\/2025\/06\/saurador-de-vapor.jpg\" class=\"attachment-grve-image-fullscreen size-grve-image-fullscreen\" alt=\"\" srcset=\"https:\/\/keydonsa.com\/wp-content\/uploads\/2025\/06\/saurador-de-vapor.jpg 1920w, https:\/\/keydonsa.com\/wp-content\/uploads\/2025\/06\/saurador-de-vapor-300x148.jpg 300w, https:\/\/keydonsa.com\/wp-content\/uploads\/2025\/06\/saurador-de-vapor-1024x504.jpg 1024w, https:\/\/keydonsa.com\/wp-content\/uploads\/2025\/06\/saurador-de-vapor-768x378.jpg 768w, https:\/\/keydonsa.com\/wp-content\/uploads\/2025\/06\/saurador-de-vapor-1536x756.jpg 1536w, https:\/\/keydonsa.com\/wp-content\/uploads\/2025\/06\/saurador-de-vapor-18x9.jpg 18w\" sizes=\"auto, (max-width: 1920px) 100vw, 1920px\" \/>\t\t<\/div><figcaption><h6 class=\"grve-title grve-dark\">saurador de vapor<\/h6><\/figcaption>\t<\/figure><\/div>\t<\/div><\/div><\/div> <\/div><div class=\"grve-background-wrapper\"><\/div><\/div><div class=\"grve-section\" data-section-title=\"\" data-section-type=\"fullwidth-background\" data-image-type=\"none\" data-full-height=\"no\"><div class=\"grve-row grve-bookmark\"><div class=\"wpb_column grve-column grve-bookmark grve-column-1\"><div class=\"grve-element grve-text\"><p>Los tanques a presi\u00f3n son fabricados en materiales base tales como acero al carb\u00f3n ASTM A-36, A-516 Gr. 70, A-285 Gr. C, acero inoxidable T304 y T 316.<br \/>\nLos procesos de soldadura se realizan con mano de obra calificada, procedimientos de soldadura, trazabilidad de materiales e insumos tales como electrodo\u00a0 evestido proceso (SMAW), micro alambre proceso muy usado MIG\/MAG \u00f3 ( GMAW), proceso de alambre tubular con n\u00facleo de fundente (FCAW), soldadura en acero inoxidable con TIG (GTAW) soldadura varilla de aporte.<\/p>\n<p>Los PND\u00b4s \u00f3 pruebas no destructivas por terceros calificados a petici\u00f3n del cliente.<\/p>\n<\/div><\/div> <\/div><div class=\"grve-background-wrapper\"><\/div><\/div>","protected":false},"excerpt":{"rendered":"RECIPIENTES A PRESI\u00d3N ASME Dise\u00f1o y fabricaci\u00f3n de equipo original como recipientes a presi\u00f3n bajo ASME Sec. VIII Div. 1. Alineados con NOM-020-stps-2011. Ofrecemos fabricarle: Termotanques\u00a0para agua caliente Tanques filtro\u00a0de agua y aire. Tanques a presi\u00f3n\u00a0para aire comprimido en diferentes capacidades Pulmones\u00a0para alta presi\u00f3n Reactores\u00a0qu\u00edmicos, petroqu\u00edmicos y alimentos Diversa gama\u00a0de equipos de procesos Los procesos [...]","protected":false},"author":1,"featured_media":0,"parent":0,"menu_order":0,"comment_status":"open","ping_status":"closed","template":"","meta":{"footnotes":""},"class_list":["post-4014","page","type-page","status-publish","hentry"],"_links":{"self":[{"href":"https:\/\/keydonsa.com\/en\/wp-json\/wp\/v2\/pages\/4014","targetHints":{"allow":["GET"]}}],"collection":[{"href":"https:\/\/keydonsa.com\/en\/wp-json\/wp\/v2\/pages"}],"about":[{"href":"https:\/\/keydonsa.com\/en\/wp-json\/wp\/v2\/types\/page"}],"author":[{"embeddable":true,"href":"https:\/\/keydonsa.com\/en\/wp-json\/wp\/v2\/users\/1"}],"replies":[{"embeddable":true,"href":"https:\/\/keydonsa.com\/en\/wp-json\/wp\/v2\/comments?post=4014"}],"version-history":[{"count":46,"href":"https:\/\/keydonsa.com\/en\/wp-json\/wp\/v2\/pages\/4014\/revisions"}],"predecessor-version":[{"id":4754,"href":"https:\/\/keydonsa.com\/en\/wp-json\/wp\/v2\/pages\/4014\/revisions\/4754"}],"wp:attachment":[{"href":"https:\/\/keydonsa.com\/en\/wp-json\/wp\/v2\/media?parent=4014"}],"curies":[{"name":"wp","href":"https:\/\/api.w.org\/{rel}","templated":true}]}}