{"id":4121,"date":"2025-02-08T17:35:20","date_gmt":"2025-02-08T23:35:20","guid":{"rendered":"https:\/\/keydonsa.com\/home-v9\/"},"modified":"2025-07-27T16:50:39","modified_gmt":"2025-07-27T22:50:39","slug":"inicio","status":"publish","type":"page","link":"https:\/\/keydonsa.com\/en\/","title":{"rendered":"Home"},"content":{"rendered":"<div class=\"grve-section grve-feature-header\" data-section-title=\"\" data-section-type=\"fullwidth-background\" data-image-type=\"none\" data-full-height=\"no\"  style=\"padding-top: 120px;padding-bottom: 90px;margin-bottom: 0px;\"><div class=\"grve-row grve-bookmark\"><div class=\"wpb_column grve-column grve-bookmark grve-column-1\"><div class=\"grve-element grve-text grve-subtitle\"><h3 style=\"text-align: center;\">WELCOME<\/h3>\n<p style=\"text-align: center;\">Nuestra empresa nace en 1985haciendo equipo para tratamiento de agua. Se refunda en 2006 haciendo equipos y proyectos metal mec\u00e1nicos a clientes que realizan nuevos proyectos, ampliaciones y equipo original.<\/p>\n<\/div><\/div> <\/div><div class=\"grve-background-wrapper\"><\/div><\/div><div class=\"grve-section\" data-section-title=\"\" data-section-type=\"fullwidth-element\" data-image-type=\"none\" data-full-height=\"no\"  style=\"background-color:#aa0235;\"><div class=\"grve-row grve-bookmark\"><div class=\"wpb_column grve-column grve-bookmark grve-column-1\"><div class=\"grve-element grve-text grve-animated-item grve-fadeInDown\" data-delay=\"200\"><h3 style=\"text-align: center; color: white;\"><strong>INTEGRACION DE PROYECTOS SOLDABLES<\/strong><\/h3>\n<\/div><\/div> <\/div><div class=\"grve-background-wrapper\"><\/div><\/div><div class=\"grve-section\" data-section-title=\"\" data-section-type=\"fullwidth-background\" data-image-type=\"none\" data-full-height=\"no\"  style=\"margin-bottom: 90px;\"><div class=\"grve-row grve-bookmark\"><div class=\"wpb_column grve-column grve-bookmark grve-column-1-3\"><div class=\"grve-element grve-box grve-align-left grve-animated-item grve-fadeIn\" style=\"\" data-delay=\"200\"><div class=\"grve-media\"><img loading=\"lazy\" decoding=\"async\" width=\"720\" height=\"480\" src=\"https:\/\/keydonsa.com\/wp-content\/uploads\/2025\/05\/keydon_mision.jpg\" class=\"attachment-full size-full\" alt=\"\" srcset=\"https:\/\/keydonsa.com\/wp-content\/uploads\/2025\/05\/keydon_mision.jpg 720w, https:\/\/keydonsa.com\/wp-content\/uploads\/2025\/05\/keydon_mision-300x200.jpg 300w, https:\/\/keydonsa.com\/wp-content\/uploads\/2025\/05\/keydon_mision-18x12.jpg 18w\" sizes=\"auto, (max-width: 720px) 100vw, 720px\" \/><\/div>  <div class=\"grve-box-content\"><h5 class=\"grve-box-title\"><span>MISION<\/span><\/h5>    <p><\/p>\n<p style=\"text-align: justify;\">Cumplir nuestras metas, aprovechando el conocimiento, talento, habilidades para satisfacer las solicitudes de nuestros clientes en proyectos metal mec\u00e1nicos dise\u00f1o de equipos, equipo original, servicios perif\u00e9ricos industriales.<\/p>  <\/div><\/div><\/div><div class=\"wpb_column grve-column grve-bookmark grve-column-1-3\"><div class=\"grve-element grve-box grve-align-left grve-animated-item grve-fadeIn\" style=\"\" data-delay=\"400\"><div class=\"grve-media\"><img loading=\"lazy\" decoding=\"async\" width=\"720\" height=\"480\" src=\"https:\/\/keydonsa.com\/wp-content\/uploads\/2025\/05\/keydon_vision.jpg\" class=\"attachment-full size-full\" alt=\"\" srcset=\"https:\/\/keydonsa.com\/wp-content\/uploads\/2025\/05\/keydon_vision.jpg 720w, https:\/\/keydonsa.com\/wp-content\/uploads\/2025\/05\/keydon_vision-300x200.jpg 300w, https:\/\/keydonsa.com\/wp-content\/uploads\/2025\/05\/keydon_vision-18x12.jpg 18w\" sizes=\"auto, (max-width: 720px) 100vw, 720px\" \/><\/div>  <div class=\"grve-box-content\"><h5 class=\"grve-box-title\"><span>VISION<\/span><\/h5>    <p><\/p>\n<p style=\"text-align: justify;\">Our company must maintain a dymanic that proposes change in our ways and methods of operation, with a tendendy to concrete more and better business opportunities, attending the demand from the national and foreing industry.<\/p>  <\/div><\/div><\/div><div class=\"wpb_column grve-column grve-bookmark grve-column-1-3\"><div class=\"grve-element grve-box grve-align-left grve-animated-item grve-fadeIn\" style=\"\" data-delay=\"600\"><div class=\"grve-media\"><img loading=\"lazy\" decoding=\"async\" width=\"720\" height=\"480\" src=\"https:\/\/keydonsa.com\/wp-content\/uploads\/2025\/05\/keydon_valores.jpg\" class=\"attachment-full size-full\" alt=\"\" srcset=\"https:\/\/keydonsa.com\/wp-content\/uploads\/2025\/05\/keydon_valores.jpg 720w, https:\/\/keydonsa.com\/wp-content\/uploads\/2025\/05\/keydon_valores-300x200.jpg 300w, https:\/\/keydonsa.com\/wp-content\/uploads\/2025\/05\/keydon_valores-18x12.jpg 18w\" sizes=\"auto, (max-width: 720px) 100vw, 720px\" \/><\/div>  <div class=\"grve-box-content\"><h5 class=\"grve-box-title\"><span>COMPANY VALUES<\/span><\/h5>    <p><\/p>\n<ul>\n<li>Honesty through any situation.<\/li>\n<li>Commitment with our company, clients and suppliers.<\/li>\n<li>Innovation; we ensure the future of our organization.<\/li>\n<li>Service; the needed attitudes for the company.<\/li>\n<li>Respect between us and other entities.<\/li>\n<li>Austerity: what we need to turn our objectives into a reality<\/li>\n<\/ul>\n<p><\/p>  <\/div><\/div><\/div> <\/div><div class=\"grve-background-wrapper\"><\/div><\/div><div class=\"grve-section\" data-section-title=\"\" data-section-type=\"fullwidth-background\" data-image-type=\"none\" data-full-height=\"no\"><div class=\"grve-row grve-bookmark\"><div class=\"wpb_column grve-column grve-bookmark grve-column-1\"><\/div> <\/div><div class=\"grve-background-wrapper\"><\/div><\/div><div class=\"grve-section grve-light\" data-section-title=\"\" data-section-type=\"fullwidth-element\" data-image-type=\"parallax\" data-full-height=\"no\"  style=\"color:#ffffff;\"><div class=\"grve-row grve-bookmark\"><div class=\"wpb_column grve-column grve-bookmark grve-column-1\"><div class=\"grve-element grve-text grve-leader-text\"><h3 class=\"text-center\" style=\"text-align: center;\">Testimonials<\/h3>\n<\/div>\t\t\t<div class=\"grve-element grve-testimonial grve-carousel-element grve-align-center grve-subtitle\" style=\"\" data-slider-speed=\"5000\" data-pagination-speed=\"400\" data-slider-autoheight=\"no\" data-navigation-type=\"1\" data-slider-pause=\"no\" data-slider-autoplay=\"yes\">\r\n\t\t\t\r\n\t\t\t\t\t\t<div class=\"grve-testimonial-element\">\r\n\t\t\t\t\t\t\t\t\t\t<h3>WE DID THE PROJECT WITH THEM AND THEY DELIVERED WITH QUALITY AND GREAT SERVICE<\/h3>\n\t\t\t\t\t\t\t\t\t\t<div class=\"grve-testimonial-name\"><span>ERIK RUBIN<\/span>, ATLAS COOPCO.<\/div>\r\n\t\t\t\t\t\t\t\t\t<\/div>\r\n\t\t\t\t\t\t<div class=\"grve-testimonial-element\">\r\n\t\t\t\t\t\t\t\t\t\t<h3>\"THE REACTOR WORKS EXCELLENT AND GREAT SERVICE, QUALITY AND COMPETITIVE PRICE\"<\/h3>\n\t\t\t\t\t\t\t\t\t\t<div class=\"grve-testimonial-name\"><span>RICARDO LOERA, AVERY DENNISON<\/span>, QUER\u00c9TARO.<\/div>\r\n\t\t\t\t\t\t\t\t\t<\/div>\r\n\t\t\t\t\t\t<div class=\"grve-testimonial-element\">\r\n\t\t\t\t\t\t\t\t\t\t<h3>\"THEY DEVELOPED THE LIQUID FERTILIZERS PLANT, IT WORKS VERY WELL AND THE SWISS WERE VERY SATISFIED\"<\/h3>\n\t\t\t\t\t\t\t\t\t\t<div class=\"grve-testimonial-name\"><span>ROBERTO HERRERA, PROAGRO<\/span>, SINALOA.<\/div>\r\n\t\t\t\t\t\t\t\t\t<\/div>\r\n\t\t\t\t\t\t\t\t\t<\/div>\r\n\r\n\t\t<\/div> <\/div><div class=\"grve-background-wrapper\">  <div class=\"grve-bg-image\" data-stellar-ratio=\"0.5\"  style=\"background-image: url(https:\/\/keydonsa.com\/wp-content\/uploads\/revslider\/slide-bg-03.jpg);\"><\/div><\/div><\/div>","protected":false},"excerpt":{"rendered":"DESARROLLARON LA PLANTA DE FERTILIZANTES L\u00cdQUIDOS FUNCIONA MUY BIEN Y LOS SUIZOS QUEDARON SATISFECHOS\"","protected":false},"author":1,"featured_media":0,"parent":0,"menu_order":0,"comment_status":"closed","ping_status":"closed","template":"","meta":{"footnotes":""},"class_list":["post-4121","page","type-page","status-publish","hentry"],"_links":{"self":[{"href":"https:\/\/keydonsa.com\/en\/wp-json\/wp\/v2\/pages\/4121","targetHints":{"allow":["GET"]}}],"collection":[{"href":"https:\/\/keydonsa.com\/en\/wp-json\/wp\/v2\/pages"}],"about":[{"href":"https:\/\/keydonsa.com\/en\/wp-json\/wp\/v2\/types\/page"}],"author":[{"embeddable":true,"href":"https:\/\/keydonsa.com\/en\/wp-json\/wp\/v2\/users\/1"}],"replies":[{"embeddable":true,"href":"https:\/\/keydonsa.com\/en\/wp-json\/wp\/v2\/comments?post=4121"}],"version-history":[{"count":30,"href":"https:\/\/keydonsa.com\/en\/wp-json\/wp\/v2\/pages\/4121\/revisions"}],"predecessor-version":[{"id":4751,"href":"https:\/\/keydonsa.com\/en\/wp-json\/wp\/v2\/pages\/4121\/revisions\/4751"}],"wp:attachment":[{"href":"https:\/\/keydonsa.com\/en\/wp-json\/wp\/v2\/media?parent=4121"}],"curies":[{"name":"wp","href":"https:\/\/api.w.org\/{rel}","templated":true}]}}