{"id":4604,"date":"2025-06-03T19:28:37","date_gmt":"2025-06-04T01:28:37","guid":{"rendered":"https:\/\/keydonsa.com\/?page_id=4604"},"modified":"2025-07-27T17:15:52","modified_gmt":"2025-07-27T23:15:52","slug":"tratamiento-de-agua","status":"publish","type":"page","link":"https:\/\/keydonsa.com\/en\/tratamiento-de-agua\/","title":{"rendered":"WATER TREATMENT"},"content":{"rendered":"<div id=\"tratamiento\" class=\"grve-section\" data-section-title=\"\" data-section-type=\"fullwidth-background\" data-image-type=\"none\" data-full-height=\"no\"  style=\"margin-bottom: 0px;\"><div class=\"grve-row grve-bookmark\"><div class=\"wpb_column grve-column grve-bookmark grve-column-1\"><div class=\"vc_empty_space\"   style=\"height: 32px\"><span class=\"vc_empty_space_inner\"><\/span><\/div><div class=\"grve-element grve-text\"><h3>WATER TREATMENT<\/h3>\n<p>Our primary objective is to supply specialized companies that are commited with the treatment of polluted or industrial water, we have a diverse application of tanks and devices used in this process.<\/p>\n<\/div><\/div> <\/div><div class=\"grve-background-wrapper\"><\/div><\/div><div class=\"grve-section\" data-section-title=\"\" data-section-type=\"fullwidth-background\" data-image-type=\"none\" data-full-height=\"no\"  style=\"margin-bottom: 0px;\"><div class=\"grve-row grve-bookmark\"><div class=\"wpb_column grve-column grve-bookmark grve-column-1\"><div class=\"grve-element grve-text\"><ul>\n<li>Clarificadores circulares con brazo sencillo y doble. Sistema de rastras en acero inoxidable.<\/li>\n<li>Clarificadores verticales tipo placas inclinadas.<\/li>\n<li>Filtros de gravas, carb\u00f3n activado y resinas. Alto flujo, fondo falso, toberas de inoxidable.<\/li>\n<li>Sistema de redes de tuber\u00edas, PVC, Polietileno termosoldado, tuber\u00edas de acero inoxidable,<\/li>\n<li>Cribas de mallas para separadores de s\u00f3lidos<\/li>\n<\/ul>\n<\/div><\/div> <\/div><div class=\"grve-background-wrapper\"><\/div><\/div><div class=\"grve-section\" data-section-title=\"\" data-section-type=\"fullwidth-background\" data-image-type=\"none\" data-full-height=\"no\"  style=\"margin-bottom: 0px;\"><div class=\"grve-row grve-bookmark\"><div class=\"wpb_column grve-column grve-bookmark grve-column-1\"><div class=\"grve-element grve-carousel-wrapper\"  style=\" \"><div class=\"grve-carousel-navigation grve-light\" data-navigation-type=\"1\">\t<div class=\"grve-carousel-buttons\">\t\t<div class=\"grve-carousel-prev grve-icon-nav-left\"><\/div>\t\t<div class=\"grve-carousel-next grve-icon-nav-right\"><\/div>\t<\/div><\/div><div class=\"grve-slider grve-carousel-element\" data-slider-speed=\"3500\" data-slider-pause=\"no\" data-navigation-type=\"1\" data-slider-autoplay=\"yes\" data-slider-autoheight=\"no\"><div class=\"grve-slider-item\">\t<figure class=\"grve-image-hover grve-zoom-in\">\t\t<div class=\"grve-media grve-dark-overlay grve-opacity-60\"><img loading=\"lazy\" decoding=\"async\" width=\"1920\" height=\"945\" src=\"https:\/\/keydonsa.com\/wp-content\/uploads\/2025\/06\/tratamiento_keydon_5.jpg\" class=\"attachment-grve-image-fullscreen size-grve-image-fullscreen\" alt=\"\" srcset=\"https:\/\/keydonsa.com\/wp-content\/uploads\/2025\/06\/tratamiento_keydon_5.jpg 1920w, https:\/\/keydonsa.com\/wp-content\/uploads\/2025\/06\/tratamiento_keydon_5-300x148.jpg 300w, https:\/\/keydonsa.com\/wp-content\/uploads\/2025\/06\/tratamiento_keydon_5-1024x504.jpg 1024w, https:\/\/keydonsa.com\/wp-content\/uploads\/2025\/06\/tratamiento_keydon_5-768x378.jpg 768w, https:\/\/keydonsa.com\/wp-content\/uploads\/2025\/06\/tratamiento_keydon_5-1536x756.jpg 1536w, https:\/\/keydonsa.com\/wp-content\/uploads\/2025\/06\/tratamiento_keydon_5-18x9.jpg 18w\" sizes=\"auto, (max-width: 1920px) 100vw, 1920px\" \/>\t\t<\/div><figcaption><h6 class=\"grve-title grve-dark\">tratamiento_keydon_5<\/h6><\/figcaption>\t<\/figure><\/div><div class=\"grve-slider-item\">\t<figure class=\"grve-image-hover grve-zoom-in\">\t\t<div class=\"grve-media grve-dark-overlay grve-opacity-60\"><img loading=\"lazy\" decoding=\"async\" width=\"1920\" height=\"945\" src=\"https:\/\/keydonsa.com\/wp-content\/uploads\/2025\/05\/tratamiento_keydon_1.jpg\" class=\"attachment-grve-image-fullscreen size-grve-image-fullscreen\" alt=\"\" srcset=\"https:\/\/keydonsa.com\/wp-content\/uploads\/2025\/05\/tratamiento_keydon_1.jpg 1920w, https:\/\/keydonsa.com\/wp-content\/uploads\/2025\/05\/tratamiento_keydon_1-300x148.jpg 300w, https:\/\/keydonsa.com\/wp-content\/uploads\/2025\/05\/tratamiento_keydon_1-1024x504.jpg 1024w, https:\/\/keydonsa.com\/wp-content\/uploads\/2025\/05\/tratamiento_keydon_1-768x378.jpg 768w, https:\/\/keydonsa.com\/wp-content\/uploads\/2025\/05\/tratamiento_keydon_1-1536x756.jpg 1536w, https:\/\/keydonsa.com\/wp-content\/uploads\/2025\/05\/tratamiento_keydon_1-18x9.jpg 18w\" sizes=\"auto, (max-width: 1920px) 100vw, 1920px\" \/>\t\t<\/div><figcaption><h6 class=\"grve-title grve-dark\">tratamiento_keydon_1<\/h6><\/figcaption>\t<\/figure><\/div><div class=\"grve-slider-item\">\t<figure class=\"grve-image-hover grve-zoom-in\">\t\t<div class=\"grve-media grve-dark-overlay grve-opacity-60\"><img loading=\"lazy\" decoding=\"async\" width=\"1920\" height=\"945\" src=\"https:\/\/keydonsa.com\/wp-content\/uploads\/2025\/05\/tratamiento_keydon_2.jpg\" class=\"attachment-grve-image-fullscreen size-grve-image-fullscreen\" alt=\"\" srcset=\"https:\/\/keydonsa.com\/wp-content\/uploads\/2025\/05\/tratamiento_keydon_2.jpg 1920w, https:\/\/keydonsa.com\/wp-content\/uploads\/2025\/05\/tratamiento_keydon_2-300x148.jpg 300w, https:\/\/keydonsa.com\/wp-content\/uploads\/2025\/05\/tratamiento_keydon_2-1024x504.jpg 1024w, https:\/\/keydonsa.com\/wp-content\/uploads\/2025\/05\/tratamiento_keydon_2-768x378.jpg 768w, https:\/\/keydonsa.com\/wp-content\/uploads\/2025\/05\/tratamiento_keydon_2-1536x756.jpg 1536w, https:\/\/keydonsa.com\/wp-content\/uploads\/2025\/05\/tratamiento_keydon_2-18x9.jpg 18w\" sizes=\"auto, (max-width: 1920px) 100vw, 1920px\" \/>\t\t<\/div><figcaption><h6 class=\"grve-title grve-dark\">tratamiento_keydon_2<\/h6><\/figcaption>\t<\/figure><\/div><div class=\"grve-slider-item\">\t<figure class=\"grve-image-hover grve-zoom-in\">\t\t<div class=\"grve-media grve-dark-overlay grve-opacity-60\"><img loading=\"lazy\" decoding=\"async\" width=\"1920\" height=\"945\" src=\"https:\/\/keydonsa.com\/wp-content\/uploads\/2025\/05\/tratamiento_keydon_3.jpg\" class=\"attachment-grve-image-fullscreen size-grve-image-fullscreen\" alt=\"\" srcset=\"https:\/\/keydonsa.com\/wp-content\/uploads\/2025\/05\/tratamiento_keydon_3.jpg 1920w, https:\/\/keydonsa.com\/wp-content\/uploads\/2025\/05\/tratamiento_keydon_3-300x148.jpg 300w, https:\/\/keydonsa.com\/wp-content\/uploads\/2025\/05\/tratamiento_keydon_3-1024x504.jpg 1024w, https:\/\/keydonsa.com\/wp-content\/uploads\/2025\/05\/tratamiento_keydon_3-768x378.jpg 768w, https:\/\/keydonsa.com\/wp-content\/uploads\/2025\/05\/tratamiento_keydon_3-1536x756.jpg 1536w, https:\/\/keydonsa.com\/wp-content\/uploads\/2025\/05\/tratamiento_keydon_3-18x9.jpg 18w\" sizes=\"auto, (max-width: 1920px) 100vw, 1920px\" \/>\t\t<\/div><figcaption><h6 class=\"grve-title grve-dark\">tratamiento_keydon_3<\/h6><\/figcaption>\t<\/figure><\/div><div class=\"grve-slider-item\">\t<figure class=\"grve-image-hover grve-zoom-in\">\t\t<div class=\"grve-media grve-dark-overlay grve-opacity-60\"><img loading=\"lazy\" decoding=\"async\" width=\"1920\" height=\"945\" src=\"https:\/\/keydonsa.com\/wp-content\/uploads\/2025\/05\/tratamiento_keydon_4.jpg\" class=\"attachment-grve-image-fullscreen size-grve-image-fullscreen\" alt=\"\" srcset=\"https:\/\/keydonsa.com\/wp-content\/uploads\/2025\/05\/tratamiento_keydon_4.jpg 1920w, https:\/\/keydonsa.com\/wp-content\/uploads\/2025\/05\/tratamiento_keydon_4-300x148.jpg 300w, https:\/\/keydonsa.com\/wp-content\/uploads\/2025\/05\/tratamiento_keydon_4-1024x504.jpg 1024w, https:\/\/keydonsa.com\/wp-content\/uploads\/2025\/05\/tratamiento_keydon_4-768x378.jpg 768w, https:\/\/keydonsa.com\/wp-content\/uploads\/2025\/05\/tratamiento_keydon_4-1536x756.jpg 1536w, https:\/\/keydonsa.com\/wp-content\/uploads\/2025\/05\/tratamiento_keydon_4-18x9.jpg 18w\" sizes=\"auto, (max-width: 1920px) 100vw, 1920px\" \/>\t\t<\/div><figcaption><h6 class=\"grve-title grve-dark\">tratamiento_keydon_4<\/h6><\/figcaption>\t<\/figure><\/div>\t<\/div><\/div><div class=\"grve-element grve-text\"><p>Los clarificadores de concreto ocupan los sistemas de rastras para generar arrastre de s\u00f3lidos precipitados en el fondo.<\/p>\n<p>El trabajo de clarificado es muy eficiente y se pueden hacer clarificadores peque\u00f1os y hasta de grandes di\u00e1metros.<\/p>\n<p>Tenemos la experiencia de poder dise\u00f1ar los sistemas mec\u00e1nicos y articulares para poder tener la soluci\u00f3n a sus requerimientos.<\/p>\n<\/div><\/div> <\/div><div class=\"grve-background-wrapper\"><\/div><\/div>","protected":false},"excerpt":{"rendered":"TRATAMIENTO DE AGUA Nuestro objetivo principal es proveer a empresas especializadas y comprometidas en tratamiento de aguas negras o industriales, diferentes aplicaciones de tanques y dispositivos usados en sus proyectos, ofrecemos una excelente disposici\u00f3n. Clarificadores circulares con brazo sencillo y doble. Sistema de rastras en acero inoxidable. Clarificadores verticales tipo placas inclinadas. Filtros de gravas, [...]","protected":false},"author":1,"featured_media":0,"parent":0,"menu_order":0,"comment_status":"closed","ping_status":"closed","template":"","meta":{"footnotes":""},"class_list":["post-4604","page","type-page","status-publish","hentry"],"_links":{"self":[{"href":"https:\/\/keydonsa.com\/en\/wp-json\/wp\/v2\/pages\/4604","targetHints":{"allow":["GET"]}}],"collection":[{"href":"https:\/\/keydonsa.com\/en\/wp-json\/wp\/v2\/pages"}],"about":[{"href":"https:\/\/keydonsa.com\/en\/wp-json\/wp\/v2\/types\/page"}],"author":[{"embeddable":true,"href":"https:\/\/keydonsa.com\/en\/wp-json\/wp\/v2\/users\/1"}],"replies":[{"embeddable":true,"href":"https:\/\/keydonsa.com\/en\/wp-json\/wp\/v2\/comments?post=4604"}],"version-history":[{"count":5,"href":"https:\/\/keydonsa.com\/en\/wp-json\/wp\/v2\/pages\/4604\/revisions"}],"predecessor-version":[{"id":4757,"href":"https:\/\/keydonsa.com\/en\/wp-json\/wp\/v2\/pages\/4604\/revisions\/4757"}],"wp:attachment":[{"href":"https:\/\/keydonsa.com\/en\/wp-json\/wp\/v2\/media?parent=4604"}],"curies":[{"name":"wp","href":"https:\/\/api.w.org\/{rel}","templated":true}]}}