{"id":4607,"date":"2025-06-03T19:29:25","date_gmt":"2025-06-04T01:29:25","guid":{"rendered":"https:\/\/keydonsa.com\/?page_id=4607"},"modified":"2025-06-03T21:26:37","modified_gmt":"2025-06-04T03:26:37","slug":"conduccion-de-fluidos","status":"publish","type":"page","link":"https:\/\/keydonsa.com\/en\/conduccion-de-fluidos\/","title":{"rendered":"FLUID CONDUCTION"},"content":{"rendered":"<div id=\"fluidos\" class=\"grve-section\" data-section-title=\"\" data-section-type=\"fullwidth-background\" data-image-type=\"none\" data-full-height=\"no\"  style=\"margin-bottom: 0px;\"><div class=\"grve-row grve-bookmark\"><div class=\"wpb_column grve-column grve-bookmark grve-column-1\"><div class=\"vc_empty_space\"   style=\"height: 32px\"><span class=\"vc_empty_space_inner\"><\/span><\/div><div class=\"grve-element grve-text\"><h3>SANITARY AND CARBON CONDUCTION LINES<\/h3>\n<p>The conduction lines can be structured and wielded in stranless steel and carbon steel, to conduce and transport loquids, gases, air and steam.\u00a0<b>l\u00edquidos, gases, aire, vapor.<\/b><\/p>\n<\/div><\/div> <\/div><div class=\"grve-background-wrapper\"><\/div><\/div><div class=\"grve-section\" data-section-title=\"\" data-section-type=\"fullwidth-background\" data-image-type=\"none\" data-full-height=\"no\"  style=\"margin-bottom: 0px;\"><div class=\"grve-row grve-bookmark\"><div class=\"wpb_column grve-column grve-bookmark grve-column-1\"><div class=\"grve-element grve-text\"><p><strong>Stainless sanirary line.<\/strong><br \/>\nSanitary pipes with internal polishing, spills and braces with chamber welding, food and pharmaceutical grades.<\/p>\n<p><strong>CED pipes. 10, 40, 80<\/strong><br \/>\nCorrosive liquids, gases, steam and high pressure conduction.<\/p>\n<p><strong>Carbon Steel Lines<\/strong><br \/>\nPipes, connections, manual and actumatic valves used to conduce steam and fuels, they can be lined or with thermic isolation. Different diameters available.<\/p>\n<\/div><\/div> <\/div><div class=\"grve-background-wrapper\"><\/div><\/div><div class=\"grve-section\" data-section-title=\"\" data-section-type=\"fullwidth-background\" data-image-type=\"none\" data-full-height=\"no\"  style=\"margin-bottom: 0px;\"><div class=\"grve-row grve-bookmark\"><div class=\"wpb_column grve-column grve-bookmark grve-column-1\"><div class=\"grve-element grve-carousel-wrapper\"  style=\" \"><div class=\"grve-carousel-navigation grve-light\" data-navigation-type=\"1\">\t<div class=\"grve-carousel-buttons\">\t\t<div class=\"grve-carousel-prev grve-icon-nav-left\"><\/div>\t\t<div class=\"grve-carousel-next grve-icon-nav-right\"><\/div>\t<\/div><\/div><div class=\"grve-slider grve-carousel-element\" data-slider-speed=\"3500\" data-slider-pause=\"no\" data-navigation-type=\"1\" data-slider-autoplay=\"yes\" data-slider-autoheight=\"no\"><div class=\"grve-slider-item\">\t<figure class=\"grve-image-hover grve-zoom-in\">\t\t<div class=\"grve-media grve-dark-overlay grve-opacity-60\"><img loading=\"lazy\" decoding=\"async\" width=\"1920\" height=\"945\" src=\"https:\/\/keydonsa.com\/wp-content\/uploads\/2025\/05\/conduccion_de_fluidos_keydon_1.jpg\" class=\"attachment-grve-image-fullscreen size-grve-image-fullscreen\" alt=\"\" srcset=\"https:\/\/keydonsa.com\/wp-content\/uploads\/2025\/05\/conduccion_de_fluidos_keydon_1.jpg 1920w, https:\/\/keydonsa.com\/wp-content\/uploads\/2025\/05\/conduccion_de_fluidos_keydon_1-300x148.jpg 300w, https:\/\/keydonsa.com\/wp-content\/uploads\/2025\/05\/conduccion_de_fluidos_keydon_1-1024x504.jpg 1024w, https:\/\/keydonsa.com\/wp-content\/uploads\/2025\/05\/conduccion_de_fluidos_keydon_1-768x378.jpg 768w, https:\/\/keydonsa.com\/wp-content\/uploads\/2025\/05\/conduccion_de_fluidos_keydon_1-1536x756.jpg 1536w, https:\/\/keydonsa.com\/wp-content\/uploads\/2025\/05\/conduccion_de_fluidos_keydon_1-18x9.jpg 18w\" sizes=\"auto, (max-width: 1920px) 100vw, 1920px\" \/>\t\t<\/div><figcaption><h6 class=\"grve-title grve-dark\">conduccion_de_fluidos_keydon_1<\/h6><\/figcaption>\t<\/figure><\/div><div class=\"grve-slider-item\">\t<figure class=\"grve-image-hover grve-zoom-in\">\t\t<div class=\"grve-media grve-dark-overlay grve-opacity-60\"><img loading=\"lazy\" decoding=\"async\" width=\"1920\" height=\"945\" src=\"https:\/\/keydonsa.com\/wp-content\/uploads\/2025\/05\/conduccion_de_fluidos_keydon_2.jpg\" class=\"attachment-grve-image-fullscreen size-grve-image-fullscreen\" alt=\"\" srcset=\"https:\/\/keydonsa.com\/wp-content\/uploads\/2025\/05\/conduccion_de_fluidos_keydon_2.jpg 1920w, https:\/\/keydonsa.com\/wp-content\/uploads\/2025\/05\/conduccion_de_fluidos_keydon_2-300x148.jpg 300w, https:\/\/keydonsa.com\/wp-content\/uploads\/2025\/05\/conduccion_de_fluidos_keydon_2-1024x504.jpg 1024w, https:\/\/keydonsa.com\/wp-content\/uploads\/2025\/05\/conduccion_de_fluidos_keydon_2-768x378.jpg 768w, https:\/\/keydonsa.com\/wp-content\/uploads\/2025\/05\/conduccion_de_fluidos_keydon_2-1536x756.jpg 1536w, https:\/\/keydonsa.com\/wp-content\/uploads\/2025\/05\/conduccion_de_fluidos_keydon_2-18x9.jpg 18w\" sizes=\"auto, (max-width: 1920px) 100vw, 1920px\" \/>\t\t<\/div><figcaption><h6 class=\"grve-title grve-dark\">conduccion_de_fluidos_keydon_2<\/h6><\/figcaption>\t<\/figure><\/div>\t<\/div><\/div><\/div> <\/div><div class=\"grve-background-wrapper\"><\/div><\/div>","protected":false},"excerpt":{"rendered":"LINEAS DE CONDUCCI\u00d3N SANITARIAS Y AL CARB\u00d3N Las lineas de conducci\u00f3n se pueden armar y soldar en acero inoxidable y al carb\u00f3n, para conducir y transportar\u00a0l\u00edquidos, gases, aire, vapor. Linea sanitaria de inoxidable Tuber\u00eda sanitaria pulido interior con sistema de f\u00e9rulas y abrazaderas, soldada y camareada. Grado alimenticio y farmac\u00e9utico. Tuber\u00eda ced. 10, 40, 80 [...]","protected":false},"author":1,"featured_media":0,"parent":0,"menu_order":0,"comment_status":"closed","ping_status":"closed","template":"","meta":{"footnotes":""},"class_list":["post-4607","page","type-page","status-publish","hentry"],"_links":{"self":[{"href":"https:\/\/keydonsa.com\/en\/wp-json\/wp\/v2\/pages\/4607","targetHints":{"allow":["GET"]}}],"collection":[{"href":"https:\/\/keydonsa.com\/en\/wp-json\/wp\/v2\/pages"}],"about":[{"href":"https:\/\/keydonsa.com\/en\/wp-json\/wp\/v2\/types\/page"}],"author":[{"embeddable":true,"href":"https:\/\/keydonsa.com\/en\/wp-json\/wp\/v2\/users\/1"}],"replies":[{"embeddable":true,"href":"https:\/\/keydonsa.com\/en\/wp-json\/wp\/v2\/comments?post=4607"}],"version-history":[{"count":2,"href":"https:\/\/keydonsa.com\/en\/wp-json\/wp\/v2\/pages\/4607\/revisions"}],"predecessor-version":[{"id":4640,"href":"https:\/\/keydonsa.com\/en\/wp-json\/wp\/v2\/pages\/4607\/revisions\/4640"}],"wp:attachment":[{"href":"https:\/\/keydonsa.com\/en\/wp-json\/wp\/v2\/media?parent=4607"}],"curies":[{"name":"wp","href":"https:\/\/api.w.org\/{rel}","templated":true}]}}