{"id":4609,"date":"2025-06-03T19:28:02","date_gmt":"2025-06-04T01:28:02","guid":{"rendered":"https:\/\/keydonsa.com\/?page_id=4609"},"modified":"2025-06-03T21:26:08","modified_gmt":"2025-06-04T03:26:08","slug":"almacenamiento-de-combustibles","status":"publish","type":"page","link":"https:\/\/keydonsa.com\/en\/almacenamiento-de-combustibles\/","title":{"rendered":"Fuel Storage"},"content":{"rendered":"<div id=\"almacenamiento\" class=\"grve-section\" data-section-title=\"\" data-section-type=\"fullwidth-background\" data-image-type=\"none\" data-full-height=\"no\"  style=\"margin-bottom: 0px;\"><div class=\"grve-row grve-bookmark\"><div class=\"wpb_column grve-column grve-bookmark grve-column-1\"><div class=\"vc_empty_space\"   style=\"height: 32px\"><span class=\"vc_empty_space_inner\"><\/span><\/div><div class=\"grve-element grve-text\"><h3>API 650 and UL 142 Fuel Storage<\/h3>\n<\/div><\/div> <\/div><div class=\"grve-background-wrapper\"><\/div><\/div><div class=\"grve-section\" data-section-title=\"\" data-section-type=\"fullwidth-background\" data-image-type=\"none\" data-full-height=\"no\"  style=\"margin-bottom: 0px;\"><div class=\"grve-row grve-bookmark\"><div class=\"wpb_column grve-column grve-bookmark grve-column-1\"><div class=\"grve-element grve-text\"><p><strong>We offer self consumption Diesel on-floor tanks<\/strong><\/p>\n<ul class=\"data\">\n<li><strong>Vertical:From 20 m3 to 3000 m3 under the norm API 650<\/strong>\u00a0De 20 m3 a 3000 m3 bajo la norma API 650<\/li>\n<li><strong>Horizontales: Great Variety of sizes, from 250 to 1000 L and 5-100 m3.<\/strong>\u00a0Gran variedad de tama\u00f1os desde 250 a 1000 L y 5-100 m3.<\/li>\n<li><strong>The tanks<\/strong>\u00a0can be equipped with primary or polyurethane finishings, basic or hich level equipment that brings an easy and safe loading and unloading of fuels.<\/li>\n<\/ul>\n<\/div><\/div> <\/div><div class=\"grve-background-wrapper\"><\/div><\/div><div class=\"grve-section\" data-section-title=\"\" data-section-type=\"fullwidth-background\" data-image-type=\"none\" data-full-height=\"no\"  style=\"margin-bottom: 0px;\"><div class=\"grve-row grve-bookmark\"><div class=\"wpb_column grve-column grve-bookmark grve-column-1\"><div class=\"grve-element grve-carousel-wrapper\"  style=\" \"><div class=\"grve-carousel-navigation grve-light\" data-navigation-type=\"1\">\t<div class=\"grve-carousel-buttons\">\t\t<div class=\"grve-carousel-prev grve-icon-nav-left\"><\/div>\t\t<div class=\"grve-carousel-next grve-icon-nav-right\"><\/div>\t<\/div><\/div><div class=\"grve-slider grve-carousel-element\" data-slider-speed=\"3500\" data-slider-pause=\"no\" data-navigation-type=\"1\" data-slider-autoplay=\"yes\" data-slider-autoheight=\"no\"><div class=\"grve-slider-item\">\t<figure class=\"grve-image-hover grve-zoom-in\">\t\t<div class=\"grve-media grve-dark-overlay grve-opacity-60\"><img loading=\"lazy\" decoding=\"async\" width=\"1920\" height=\"945\" src=\"https:\/\/keydonsa.com\/wp-content\/uploads\/2025\/05\/almacenamiento_keydon_1.jpg\" class=\"attachment-grve-image-fullscreen size-grve-image-fullscreen\" alt=\"\" srcset=\"https:\/\/keydonsa.com\/wp-content\/uploads\/2025\/05\/almacenamiento_keydon_1.jpg 1920w, https:\/\/keydonsa.com\/wp-content\/uploads\/2025\/05\/almacenamiento_keydon_1-300x148.jpg 300w, https:\/\/keydonsa.com\/wp-content\/uploads\/2025\/05\/almacenamiento_keydon_1-1024x504.jpg 1024w, https:\/\/keydonsa.com\/wp-content\/uploads\/2025\/05\/almacenamiento_keydon_1-768x378.jpg 768w, https:\/\/keydonsa.com\/wp-content\/uploads\/2025\/05\/almacenamiento_keydon_1-1536x756.jpg 1536w, https:\/\/keydonsa.com\/wp-content\/uploads\/2025\/05\/almacenamiento_keydon_1-18x9.jpg 18w\" sizes=\"auto, (max-width: 1920px) 100vw, 1920px\" \/>\t\t<\/div><figcaption><h6 class=\"grve-title grve-dark\">almacenamiento_keydon_1<\/h6><\/figcaption>\t<\/figure><\/div><div class=\"grve-slider-item\">\t<figure class=\"grve-image-hover grve-zoom-in\">\t\t<div class=\"grve-media grve-dark-overlay grve-opacity-60\"><img loading=\"lazy\" decoding=\"async\" width=\"1920\" height=\"945\" src=\"https:\/\/keydonsa.com\/wp-content\/uploads\/2025\/05\/almacenamiento_keydon_2.jpg\" class=\"attachment-grve-image-fullscreen size-grve-image-fullscreen\" alt=\"\" srcset=\"https:\/\/keydonsa.com\/wp-content\/uploads\/2025\/05\/almacenamiento_keydon_2.jpg 1920w, https:\/\/keydonsa.com\/wp-content\/uploads\/2025\/05\/almacenamiento_keydon_2-300x148.jpg 300w, https:\/\/keydonsa.com\/wp-content\/uploads\/2025\/05\/almacenamiento_keydon_2-1024x504.jpg 1024w, https:\/\/keydonsa.com\/wp-content\/uploads\/2025\/05\/almacenamiento_keydon_2-768x378.jpg 768w, https:\/\/keydonsa.com\/wp-content\/uploads\/2025\/05\/almacenamiento_keydon_2-1536x756.jpg 1536w, https:\/\/keydonsa.com\/wp-content\/uploads\/2025\/05\/almacenamiento_keydon_2-18x9.jpg 18w\" sizes=\"auto, (max-width: 1920px) 100vw, 1920px\" \/>\t\t<\/div><figcaption><h6 class=\"grve-title grve-dark\">almacenamiento_keydon_2<\/h6><\/figcaption>\t<\/figure><\/div><div class=\"grve-slider-item\">\t<figure class=\"grve-image-hover grve-zoom-in\">\t\t<div class=\"grve-media grve-dark-overlay grve-opacity-60\"><img loading=\"lazy\" decoding=\"async\" width=\"1920\" height=\"945\" src=\"https:\/\/keydonsa.com\/wp-content\/uploads\/2025\/05\/almacenamiento_keydon_3.jpg\" class=\"attachment-grve-image-fullscreen size-grve-image-fullscreen\" alt=\"\" srcset=\"https:\/\/keydonsa.com\/wp-content\/uploads\/2025\/05\/almacenamiento_keydon_3.jpg 1920w, https:\/\/keydonsa.com\/wp-content\/uploads\/2025\/05\/almacenamiento_keydon_3-300x148.jpg 300w, https:\/\/keydonsa.com\/wp-content\/uploads\/2025\/05\/almacenamiento_keydon_3-1024x504.jpg 1024w, https:\/\/keydonsa.com\/wp-content\/uploads\/2025\/05\/almacenamiento_keydon_3-768x378.jpg 768w, https:\/\/keydonsa.com\/wp-content\/uploads\/2025\/05\/almacenamiento_keydon_3-1536x756.jpg 1536w, https:\/\/keydonsa.com\/wp-content\/uploads\/2025\/05\/almacenamiento_keydon_3-18x9.jpg 18w\" sizes=\"auto, (max-width: 1920px) 100vw, 1920px\" \/>\t\t<\/div><figcaption><h6 class=\"grve-title grve-dark\">almacenamiento_keydon_3<\/h6><\/figcaption>\t<\/figure><\/div>\t<\/div><\/div><\/div> <\/div><div class=\"grve-background-wrapper\"><\/div><\/div>","protected":false},"excerpt":{"rendered":"Almacenaiento API 650 y UL 142 Ofrecemos tanques para autoconsumo sobre piso para Diesel Verticales:\u00a0De 20 m3 a 3000 m3 bajo la norma API 650 Horizontales:\u00a0Gran variedad de tama\u00f1os desde 250 a 1000 L y 5-100 m3. Los tanques\u00a0se pueden suministrarse con acabados primarios \u00f3 poliuretanos, tipo b\u00e1sico \u00f3 alto nivel de equipamiento que proporcionan [...]","protected":false},"author":1,"featured_media":0,"parent":0,"menu_order":0,"comment_status":"closed","ping_status":"closed","template":"","meta":{"footnotes":""},"class_list":["post-4609","page","type-page","status-publish","hentry"],"_links":{"self":[{"href":"https:\/\/keydonsa.com\/en\/wp-json\/wp\/v2\/pages\/4609","targetHints":{"allow":["GET"]}}],"collection":[{"href":"https:\/\/keydonsa.com\/en\/wp-json\/wp\/v2\/pages"}],"about":[{"href":"https:\/\/keydonsa.com\/en\/wp-json\/wp\/v2\/types\/page"}],"author":[{"embeddable":true,"href":"https:\/\/keydonsa.com\/en\/wp-json\/wp\/v2\/users\/1"}],"replies":[{"embeddable":true,"href":"https:\/\/keydonsa.com\/en\/wp-json\/wp\/v2\/comments?post=4609"}],"version-history":[{"count":2,"href":"https:\/\/keydonsa.com\/en\/wp-json\/wp\/v2\/pages\/4609\/revisions"}],"predecessor-version":[{"id":4633,"href":"https:\/\/keydonsa.com\/en\/wp-json\/wp\/v2\/pages\/4609\/revisions\/4633"}],"wp:attachment":[{"href":"https:\/\/keydonsa.com\/en\/wp-json\/wp\/v2\/media?parent=4609"}],"curies":[{"name":"wp","href":"https:\/\/api.w.org\/{rel}","templated":true}]}}