{"id":4610,"date":"2025-06-03T19:28:20","date_gmt":"2025-06-04T01:28:20","guid":{"rendered":"https:\/\/keydonsa.com\/?page_id=4610"},"modified":"2025-07-27T17:14:35","modified_gmt":"2025-07-27T23:14:35","slug":"tanques-atmosfericos","status":"publish","type":"page","link":"https:\/\/keydonsa.com\/en\/tanques-atmosfericos\/","title":{"rendered":"ATMOSPHERIC TANKS"},"content":{"rendered":"<div id=\"tanques\" class=\"grve-section\" data-section-title=\"\" data-section-type=\"fullwidth-background\" data-image-type=\"none\" data-full-height=\"no\"  style=\"margin-bottom: 0px;\"><div class=\"grve-row grve-bookmark\"><div class=\"wpb_column grve-column grve-bookmark grve-column-1\"><div class=\"vc_empty_space\"   style=\"height: 32px\"><span class=\"vc_empty_space_inner\"><\/span><\/div><div class=\"grve-element grve-text\"><h3>ATMOSPHERIC TANKS<\/h3>\n<p><b>Dise\u00f1o y fabricaci\u00f3n de equipo original para tanques de almacenamiento de l\u00edquidos API 650, UL- 142. Gran variedad de equipos para la industria de la transformaci\u00f3n en general.<\/b><\/p>\n<\/div><\/div> <\/div><div class=\"grve-background-wrapper\"><\/div><\/div><div class=\"grve-section\" data-section-title=\"\" data-section-type=\"fullwidth-background\" data-image-type=\"none\" data-full-height=\"no\"  style=\"margin-bottom: 0px;\"><div class=\"grve-row grve-bookmark\"><div class=\"wpb_column grve-column grve-bookmark grve-column-1\"><div class=\"grve-element grve-text\"><ul>\n<li><strong>Silos:<\/strong>\u00a0For materials like cement, lime, chemical dists, plastics, agroindustry, dairy.<\/li>\n<li><strong>Hoppers<\/strong>\u00a0Cointainers, loaders for grinding equipment.<\/li>\n<li><strong>Cones<\/strong>\u00a0Precipitate y cyclones<\/li>\n<li><strong>Mixing tanks<\/strong>\u00a0Sealable hatch; conic base for liquids with agitator<\/li>\n<li><strong>Immersion pools<\/strong><\/li>\n<\/ul>\n<\/div><\/div> <\/div><div class=\"grve-background-wrapper\"><\/div><\/div><div class=\"grve-section\" data-section-title=\"\" data-section-type=\"fullwidth-background\" data-image-type=\"none\" data-full-height=\"no\"  style=\"margin-bottom: 0px;\"><div class=\"grve-row grve-bookmark\"><div class=\"wpb_column grve-column grve-bookmark grve-column-1\"><div class=\"grve-element grve-carousel-wrapper\"  style=\" \"><div class=\"grve-carousel-navigation grve-light\" data-navigation-type=\"1\">\t<div class=\"grve-carousel-buttons\">\t\t<div class=\"grve-carousel-prev grve-icon-nav-left\"><\/div>\t\t<div class=\"grve-carousel-next grve-icon-nav-right\"><\/div>\t<\/div><\/div><div class=\"grve-slider grve-carousel-element\" data-slider-speed=\"3500\" data-slider-pause=\"no\" data-navigation-type=\"1\" data-slider-autoplay=\"yes\" data-slider-autoheight=\"no\"><div class=\"grve-slider-item\">\t<figure class=\"grve-image-hover grve-zoom-in\">\t\t<div class=\"grve-media grve-dark-overlay grve-opacity-60\"><img loading=\"lazy\" decoding=\"async\" width=\"1920\" height=\"945\" src=\"https:\/\/keydonsa.com\/wp-content\/uploads\/2025\/06\/tanques_keydon_5.jpg\" class=\"attachment-grve-image-fullscreen size-grve-image-fullscreen\" alt=\"\" srcset=\"https:\/\/keydonsa.com\/wp-content\/uploads\/2025\/06\/tanques_keydon_5.jpg 1920w, https:\/\/keydonsa.com\/wp-content\/uploads\/2025\/06\/tanques_keydon_5-300x148.jpg 300w, https:\/\/keydonsa.com\/wp-content\/uploads\/2025\/06\/tanques_keydon_5-1024x504.jpg 1024w, https:\/\/keydonsa.com\/wp-content\/uploads\/2025\/06\/tanques_keydon_5-768x378.jpg 768w, https:\/\/keydonsa.com\/wp-content\/uploads\/2025\/06\/tanques_keydon_5-1536x756.jpg 1536w, https:\/\/keydonsa.com\/wp-content\/uploads\/2025\/06\/tanques_keydon_5-18x9.jpg 18w\" sizes=\"auto, (max-width: 1920px) 100vw, 1920px\" \/>\t\t<\/div><figcaption><h6 class=\"grve-title grve-dark\">tanques_keydon_5<\/h6><\/figcaption>\t<\/figure><\/div><div class=\"grve-slider-item\">\t<figure class=\"grve-image-hover grve-zoom-in\">\t\t<div class=\"grve-media grve-dark-overlay grve-opacity-60\"><img loading=\"lazy\" decoding=\"async\" width=\"1920\" height=\"945\" src=\"https:\/\/keydonsa.com\/wp-content\/uploads\/2025\/05\/tanques_keydon_1.jpg\" class=\"attachment-grve-image-fullscreen size-grve-image-fullscreen\" alt=\"\" srcset=\"https:\/\/keydonsa.com\/wp-content\/uploads\/2025\/05\/tanques_keydon_1.jpg 1920w, https:\/\/keydonsa.com\/wp-content\/uploads\/2025\/05\/tanques_keydon_1-300x148.jpg 300w, https:\/\/keydonsa.com\/wp-content\/uploads\/2025\/05\/tanques_keydon_1-1024x504.jpg 1024w, https:\/\/keydonsa.com\/wp-content\/uploads\/2025\/05\/tanques_keydon_1-768x378.jpg 768w, https:\/\/keydonsa.com\/wp-content\/uploads\/2025\/05\/tanques_keydon_1-1536x756.jpg 1536w, https:\/\/keydonsa.com\/wp-content\/uploads\/2025\/05\/tanques_keydon_1-18x9.jpg 18w\" sizes=\"auto, (max-width: 1920px) 100vw, 1920px\" \/>\t\t<\/div><figcaption><h6 class=\"grve-title grve-dark\">tanques_keydon_1<\/h6><\/figcaption>\t<\/figure><\/div><div class=\"grve-slider-item\">\t<figure class=\"grve-image-hover grve-zoom-in\">\t\t<div class=\"grve-media grve-dark-overlay grve-opacity-60\"><img loading=\"lazy\" decoding=\"async\" width=\"1920\" height=\"945\" src=\"https:\/\/keydonsa.com\/wp-content\/uploads\/2025\/05\/tanques_keydon_2.jpg\" class=\"attachment-grve-image-fullscreen size-grve-image-fullscreen\" alt=\"\" srcset=\"https:\/\/keydonsa.com\/wp-content\/uploads\/2025\/05\/tanques_keydon_2.jpg 1920w, https:\/\/keydonsa.com\/wp-content\/uploads\/2025\/05\/tanques_keydon_2-300x148.jpg 300w, https:\/\/keydonsa.com\/wp-content\/uploads\/2025\/05\/tanques_keydon_2-1024x504.jpg 1024w, https:\/\/keydonsa.com\/wp-content\/uploads\/2025\/05\/tanques_keydon_2-768x378.jpg 768w, https:\/\/keydonsa.com\/wp-content\/uploads\/2025\/05\/tanques_keydon_2-1536x756.jpg 1536w, https:\/\/keydonsa.com\/wp-content\/uploads\/2025\/05\/tanques_keydon_2-18x9.jpg 18w\" sizes=\"auto, (max-width: 1920px) 100vw, 1920px\" \/>\t\t<\/div><figcaption><h6 class=\"grve-title grve-dark\">tanques_keydon_2<\/h6><\/figcaption>\t<\/figure><\/div><div class=\"grve-slider-item\">\t<figure class=\"grve-image-hover grve-zoom-in\">\t\t<div class=\"grve-media grve-dark-overlay grve-opacity-60\"><img loading=\"lazy\" decoding=\"async\" width=\"1920\" height=\"945\" src=\"https:\/\/keydonsa.com\/wp-content\/uploads\/2025\/05\/tanques_keydon_3.jpg\" class=\"attachment-grve-image-fullscreen size-grve-image-fullscreen\" alt=\"\" srcset=\"https:\/\/keydonsa.com\/wp-content\/uploads\/2025\/05\/tanques_keydon_3.jpg 1920w, https:\/\/keydonsa.com\/wp-content\/uploads\/2025\/05\/tanques_keydon_3-300x148.jpg 300w, https:\/\/keydonsa.com\/wp-content\/uploads\/2025\/05\/tanques_keydon_3-1024x504.jpg 1024w, https:\/\/keydonsa.com\/wp-content\/uploads\/2025\/05\/tanques_keydon_3-768x378.jpg 768w, https:\/\/keydonsa.com\/wp-content\/uploads\/2025\/05\/tanques_keydon_3-1536x756.jpg 1536w, https:\/\/keydonsa.com\/wp-content\/uploads\/2025\/05\/tanques_keydon_3-18x9.jpg 18w\" sizes=\"auto, (max-width: 1920px) 100vw, 1920px\" \/>\t\t<\/div><figcaption><h6 class=\"grve-title grve-dark\">tanques_keydon_3<\/h6><\/figcaption>\t<\/figure><\/div><div class=\"grve-slider-item\">\t<figure class=\"grve-image-hover grve-zoom-in\">\t\t<div class=\"grve-media grve-dark-overlay grve-opacity-60\"><img loading=\"lazy\" decoding=\"async\" width=\"1920\" height=\"945\" src=\"https:\/\/keydonsa.com\/wp-content\/uploads\/2025\/05\/tanques_keydon_4.jpg\" class=\"attachment-grve-image-fullscreen size-grve-image-fullscreen\" alt=\"\" srcset=\"https:\/\/keydonsa.com\/wp-content\/uploads\/2025\/05\/tanques_keydon_4.jpg 1920w, https:\/\/keydonsa.com\/wp-content\/uploads\/2025\/05\/tanques_keydon_4-300x148.jpg 300w, https:\/\/keydonsa.com\/wp-content\/uploads\/2025\/05\/tanques_keydon_4-1024x504.jpg 1024w, https:\/\/keydonsa.com\/wp-content\/uploads\/2025\/05\/tanques_keydon_4-768x378.jpg 768w, https:\/\/keydonsa.com\/wp-content\/uploads\/2025\/05\/tanques_keydon_4-1536x756.jpg 1536w, https:\/\/keydonsa.com\/wp-content\/uploads\/2025\/05\/tanques_keydon_4-18x9.jpg 18w\" sizes=\"auto, (max-width: 1920px) 100vw, 1920px\" \/>\t\t<\/div><figcaption><h6 class=\"grve-title grve-dark\">tanques_keydon_4<\/h6><\/figcaption>\t<\/figure><\/div><div class=\"grve-slider-item\">\t<figure class=\"grve-image-hover grve-zoom-in\">\t\t<div class=\"grve-media grve-dark-overlay grve-opacity-60\"><img loading=\"lazy\" decoding=\"async\" width=\"1920\" height=\"945\" src=\"https:\/\/keydonsa.com\/wp-content\/uploads\/2025\/06\/3.jpg\" class=\"attachment-grve-image-fullscreen size-grve-image-fullscreen\" alt=\"\" srcset=\"https:\/\/keydonsa.com\/wp-content\/uploads\/2025\/06\/3.jpg 1920w, https:\/\/keydonsa.com\/wp-content\/uploads\/2025\/06\/3-300x148.jpg 300w, https:\/\/keydonsa.com\/wp-content\/uploads\/2025\/06\/3-1024x504.jpg 1024w, https:\/\/keydonsa.com\/wp-content\/uploads\/2025\/06\/3-768x378.jpg 768w, https:\/\/keydonsa.com\/wp-content\/uploads\/2025\/06\/3-1536x756.jpg 1536w, https:\/\/keydonsa.com\/wp-content\/uploads\/2025\/06\/3-18x9.jpg 18w\" sizes=\"auto, (max-width: 1920px) 100vw, 1920px\" \/>\t\t<\/div><figcaption><h6 class=\"grve-title grve-dark\">3<\/h6><\/figcaption>\t<\/figure><\/div><div class=\"grve-slider-item\">\t<figure class=\"grve-image-hover grve-zoom-in\">\t\t<div class=\"grve-media grve-dark-overlay grve-opacity-60\"><img loading=\"lazy\" decoding=\"async\" width=\"1920\" height=\"945\" src=\"https:\/\/keydonsa.com\/wp-content\/uploads\/2025\/06\/silo-1.jpg\" class=\"attachment-grve-image-fullscreen size-grve-image-fullscreen\" alt=\"\" srcset=\"https:\/\/keydonsa.com\/wp-content\/uploads\/2025\/06\/silo-1.jpg 1920w, https:\/\/keydonsa.com\/wp-content\/uploads\/2025\/06\/silo-1-300x148.jpg 300w, https:\/\/keydonsa.com\/wp-content\/uploads\/2025\/06\/silo-1-1024x504.jpg 1024w, https:\/\/keydonsa.com\/wp-content\/uploads\/2025\/06\/silo-1-768x378.jpg 768w, https:\/\/keydonsa.com\/wp-content\/uploads\/2025\/06\/silo-1-1536x756.jpg 1536w, https:\/\/keydonsa.com\/wp-content\/uploads\/2025\/06\/silo-1-18x9.jpg 18w\" sizes=\"auto, (max-width: 1920px) 100vw, 1920px\" \/>\t\t<\/div><figcaption><h6 class=\"grve-title grve-dark\">silo<\/h6><\/figcaption>\t<\/figure><\/div><div class=\"grve-slider-item\">\t<figure class=\"grve-image-hover grve-zoom-in\">\t\t<div class=\"grve-media grve-dark-overlay grve-opacity-60\"><img loading=\"lazy\" decoding=\"async\" width=\"1920\" height=\"945\" src=\"https:\/\/keydonsa.com\/wp-content\/uploads\/2025\/06\/silo2.jpg\" class=\"attachment-grve-image-fullscreen size-grve-image-fullscreen\" alt=\"\" srcset=\"https:\/\/keydonsa.com\/wp-content\/uploads\/2025\/06\/silo2.jpg 1920w, https:\/\/keydonsa.com\/wp-content\/uploads\/2025\/06\/silo2-300x148.jpg 300w, https:\/\/keydonsa.com\/wp-content\/uploads\/2025\/06\/silo2-1024x504.jpg 1024w, https:\/\/keydonsa.com\/wp-content\/uploads\/2025\/06\/silo2-768x378.jpg 768w, https:\/\/keydonsa.com\/wp-content\/uploads\/2025\/06\/silo2-1536x756.jpg 1536w, https:\/\/keydonsa.com\/wp-content\/uploads\/2025\/06\/silo2-18x9.jpg 18w\" sizes=\"auto, (max-width: 1920px) 100vw, 1920px\" \/>\t\t<\/div><figcaption><h6 class=\"grve-title grve-dark\">silo2<\/h6><\/figcaption>\t<\/figure><\/div><div class=\"grve-slider-item\">\t<figure class=\"grve-image-hover grve-zoom-in\">\t\t<div class=\"grve-media grve-dark-overlay grve-opacity-60\"><img loading=\"lazy\" decoding=\"async\" width=\"1920\" height=\"945\" src=\"https:\/\/keydonsa.com\/wp-content\/uploads\/2025\/06\/tanqueinox.jpg\" class=\"attachment-grve-image-fullscreen size-grve-image-fullscreen\" alt=\"\" srcset=\"https:\/\/keydonsa.com\/wp-content\/uploads\/2025\/06\/tanqueinox.jpg 1920w, https:\/\/keydonsa.com\/wp-content\/uploads\/2025\/06\/tanqueinox-300x148.jpg 300w, https:\/\/keydonsa.com\/wp-content\/uploads\/2025\/06\/tanqueinox-1024x504.jpg 1024w, https:\/\/keydonsa.com\/wp-content\/uploads\/2025\/06\/tanqueinox-768x378.jpg 768w, https:\/\/keydonsa.com\/wp-content\/uploads\/2025\/06\/tanqueinox-1536x756.jpg 1536w, https:\/\/keydonsa.com\/wp-content\/uploads\/2025\/06\/tanqueinox-18x9.jpg 18w\" sizes=\"auto, (max-width: 1920px) 100vw, 1920px\" \/>\t\t<\/div><figcaption><h6 class=\"grve-title grve-dark\">tanqueinox<\/h6><\/figcaption>\t<\/figure><\/div><div class=\"grve-slider-item\">\t<figure class=\"grve-image-hover grve-zoom-in\">\t\t<div class=\"grve-media grve-dark-overlay grve-opacity-60\"><img loading=\"lazy\" decoding=\"async\" width=\"1920\" height=\"945\" src=\"https:\/\/keydonsa.com\/wp-content\/uploads\/2025\/06\/tanqueleche.jpg\" class=\"attachment-grve-image-fullscreen size-grve-image-fullscreen\" alt=\"\" srcset=\"https:\/\/keydonsa.com\/wp-content\/uploads\/2025\/06\/tanqueleche.jpg 1920w, https:\/\/keydonsa.com\/wp-content\/uploads\/2025\/06\/tanqueleche-300x148.jpg 300w, https:\/\/keydonsa.com\/wp-content\/uploads\/2025\/06\/tanqueleche-1024x504.jpg 1024w, https:\/\/keydonsa.com\/wp-content\/uploads\/2025\/06\/tanqueleche-768x378.jpg 768w, https:\/\/keydonsa.com\/wp-content\/uploads\/2025\/06\/tanqueleche-1536x756.jpg 1536w, https:\/\/keydonsa.com\/wp-content\/uploads\/2025\/06\/tanqueleche-18x9.jpg 18w\" sizes=\"auto, (max-width: 1920px) 100vw, 1920px\" \/>\t\t<\/div><figcaption><h6 class=\"grve-title grve-dark\">tanqueleche<\/h6><\/figcaption>\t<\/figure><\/div><div class=\"grve-slider-item\">\t<figure class=\"grve-image-hover grve-zoom-in\">\t\t<div class=\"grve-media grve-dark-overlay grve-opacity-60\"><img loading=\"lazy\" decoding=\"async\" width=\"1920\" height=\"945\" src=\"https:\/\/keydonsa.com\/wp-content\/uploads\/2025\/06\/2.jpg\" class=\"attachment-grve-image-fullscreen size-grve-image-fullscreen\" alt=\"\" srcset=\"https:\/\/keydonsa.com\/wp-content\/uploads\/2025\/06\/2.jpg 1920w, https:\/\/keydonsa.com\/wp-content\/uploads\/2025\/06\/2-300x148.jpg 300w, https:\/\/keydonsa.com\/wp-content\/uploads\/2025\/06\/2-1024x504.jpg 1024w, https:\/\/keydonsa.com\/wp-content\/uploads\/2025\/06\/2-768x378.jpg 768w, https:\/\/keydonsa.com\/wp-content\/uploads\/2025\/06\/2-1536x756.jpg 1536w, https:\/\/keydonsa.com\/wp-content\/uploads\/2025\/06\/2-18x9.jpg 18w\" sizes=\"auto, (max-width: 1920px) 100vw, 1920px\" \/>\t\t<\/div><figcaption><h6 class=\"grve-title grve-dark\">2<\/h6><\/figcaption>\t<\/figure><\/div>\t<\/div><\/div><\/div> <\/div><div class=\"grve-background-wrapper\"><\/div><\/div><div class=\"grve-section\" data-section-title=\"\" data-section-type=\"fullwidth-background\" data-image-type=\"none\" data-full-height=\"no\"><div class=\"grve-row grve-bookmark\"><div class=\"wpb_column grve-column grve-bookmark grve-column-1\"><div class=\"grve-element grve-text\"><p>Los silos sanitarios de pared delgada, tanques de almacenamiento para diferentes usos y fabricados en taller \u00f3 en sitio. Proceso TIG, MIG. Acabados pulidos 1B, 2B, P3, P4.<\/p>\n<p>Los materiales diversos en acero inoxidable T304L y T316L con tuber\u00eda sanitarias, f\u00e9rulas y empaques sanitarios.<\/p>\n<p>Tanques de almacenamiento tipo API 650 y UL-142, en acero inoxidable \u00f3 al carb\u00f3n con pintura ep\u00f3xica para diferentes usos y resistencias a ambientes salinos.<\/p>\n<p>Forrado con ahulados para materiales \u00e1cidos \u00f3 alcalinos.<\/p>\n<\/div><\/div> <\/div><div class=\"grve-background-wrapper\"><\/div><\/div>","protected":false},"excerpt":{"rendered":"TANQUES ATMOSF\u00c9RICOS Dise\u00f1o y fabricaci\u00f3n de equipo original para tanques de almacenamiento de l\u00edquidos API 650, UL- 142. Gran variedad de equipos para la industria de la transformaci\u00f3n en general. Silos:\u00a0Para agregados como cemento, cal, tierras quimicas, pl\u00e1sticos, agroindustria, lacteos. Tolvas:\u00a0Contenedoras, cargadoras a equipos de molienda y triturados. Conos:\u00a0Precipitados y ciclones. Tanques Mezcladores:\u00a0Tapa abatible fondo [...]","protected":false},"author":1,"featured_media":0,"parent":0,"menu_order":0,"comment_status":"closed","ping_status":"closed","template":"","meta":{"footnotes":""},"class_list":["post-4610","page","type-page","status-publish","hentry"],"_links":{"self":[{"href":"https:\/\/keydonsa.com\/en\/wp-json\/wp\/v2\/pages\/4610","targetHints":{"allow":["GET"]}}],"collection":[{"href":"https:\/\/keydonsa.com\/en\/wp-json\/wp\/v2\/pages"}],"about":[{"href":"https:\/\/keydonsa.com\/en\/wp-json\/wp\/v2\/types\/page"}],"author":[{"embeddable":true,"href":"https:\/\/keydonsa.com\/en\/wp-json\/wp\/v2\/users\/1"}],"replies":[{"embeddable":true,"href":"https:\/\/keydonsa.com\/en\/wp-json\/wp\/v2\/comments?post=4610"}],"version-history":[{"count":6,"href":"https:\/\/keydonsa.com\/en\/wp-json\/wp\/v2\/pages\/4610\/revisions"}],"predecessor-version":[{"id":4755,"href":"https:\/\/keydonsa.com\/en\/wp-json\/wp\/v2\/pages\/4610\/revisions\/4755"}],"wp:attachment":[{"href":"https:\/\/keydonsa.com\/en\/wp-json\/wp\/v2\/media?parent=4610"}],"curies":[{"name":"wp","href":"https:\/\/api.w.org\/{rel}","templated":true}]}}