{"id":694,"date":"2025-05-04T18:19:55","date_gmt":"2025-05-05T00:19:55","guid":{"rendered":"https:\/\/keydonsa.com\/accordions-tabs\/"},"modified":"2025-06-03T21:18:44","modified_gmt":"2025-06-04T03:18:44","slug":"servicios","status":"publish","type":"page","link":"https:\/\/keydonsa.com\/en\/servicios\/","title":{"rendered":"Services"},"content":{"rendered":"<div class=\"grve-section\" data-section-title=\"\" data-section-type=\"fullwidth-background\" data-image-type=\"none\" data-full-height=\"no\"><div class=\"grve-row grve-bookmark\"><div class=\"wpb_column grve-column grve-bookmark grve-column-1\"><div class=\"vc_empty_space\"   style=\"height: 32px\"><span class=\"vc_empty_space_inner\"><\/span><\/div><\/div> <\/div><div class=\"grve-background-wrapper\"><\/div><\/div><div class=\"grve-section\" data-section-title=\"\" data-section-type=\"fullwidth-background\" data-image-type=\"none\" data-full-height=\"no\"><div class=\"grve-row grve-bookmark\"><div class=\"wpb_column grve-column grve-bookmark grve-column-1\"><div class=\"vc_tta-container\" data-vc-action=\"collapse\"><div class=\"vc_general vc_tta vc_tta-tabs vc_tta-o-shape-group vc_tta-tabs-position-top vc_tta-controls-align-left\"><div class=\"vc_tta-tabs-container\"><ul class=\"vc_tta-tabs-list\"><li class=\"vc_tta-tab vc_active\" data-vc-tab><a href=\"#1747600961618-f9f4c60f-a040\" data-vc-tabs data-vc-container=\".vc_tta\"><span class=\"vc_tta-title-text\">Installation and tests<\/span><\/a><\/li><li class=\"vc_tta-tab\" data-vc-tab><a href=\"#1747600961618-64f3300d-5ad9\" data-vc-tabs data-vc-container=\".vc_tta\"><span class=\"vc_tta-title-text\">Finishing on stainless steel<\/span><\/a><\/li><li class=\"vc_tta-tab\" data-vc-tab><a href=\"#1747601114433-c2a7d5e8-01d9\" data-vc-tabs data-vc-container=\".vc_tta\"><span class=\"vc_tta-title-text\">Finishing on carbon steel<\/span><\/a><\/li><\/ul><\/div><div class=\"vc_tta-panels-container\"><div class=\"vc_tta-panels\"><div class=\"vc_tta-panel vc_active\" id=\"1747600961618-f9f4c60f-a040\" data-vc-content=\".vc_tta-panel-body\"><div class=\"vc_tta-panel-heading\"><h4 class=\"vc_tta-panel-title\"><a href=\"#1747600961618-f9f4c60f-a040\" data-vc-accordion data-vc-container=\".vc_tta-container\"><span class=\"vc_tta-title-text\">Installation and tests<\/span><\/a><\/h4><\/div><div class=\"vc_tta-panel-body\"><div class=\"grve-element grve-text\"><h3>On-field Equipment Installation.<\/h3>\n<p class=\"text-justify\">Our company can perform the installation on site as well as doing the different interconnections required between the equipment that we supplied and the one your company already have acquired.<\/p>\n<h3>Non-destructive Tests to Our Equipment<br \/>\n<small>(X-Ray, Penetrating Fluids)<\/small><\/h3>\n<p class=\"text-justify\">As a manufacturer of pressure recipients, we offer the testing of our products as a part of our quality control process, sealing all the neccesary information in the quality dossier that is integrated in every equipment.<\/p>\n<h3>Quality Certificates<\/h3>\n<ul>\n<li>Material certification.<\/li>\n<li>Certification in non-destructive tests.<\/li>\n<li>Equipment planimetry.<\/li>\n<li>Certificate of hydrostatic test.<\/li>\n<li>Calculation memories.<\/li>\n<\/ul>\n<h3>Project Evaluation<\/h3>\n<p class=\"text-justify\">We offer the data acquisition on the field and project quoting.<\/p>\n<\/div><\/div><\/div><div class=\"vc_tta-panel\" id=\"1747600961618-64f3300d-5ad9\" data-vc-content=\".vc_tta-panel-body\"><div class=\"vc_tta-panel-heading\"><h4 class=\"vc_tta-panel-title\"><a href=\"#1747600961618-64f3300d-5ad9\" data-vc-accordion data-vc-container=\".vc_tta-container\"><span class=\"vc_tta-title-text\">Finishing on stainless steel<\/span><\/a><\/h4><\/div><div class=\"vc_tta-panel-body\"><div class=\"grve-row grve-bookmark\"><div class=\"wpb_column grve-column grve-bookmark grve-column-2-3\"><div class=\"grve-element grve-text\"><h3>Sanitary<\/h3>\n<p class=\"text-justify\">We achieve it by polishing the stainless steel survace with different abbrasives: 150, 180 and 220 grit. Food industry<\/p>\n<h3>Natural or 2B<\/h3>\n<p class=\"text-justify\">The factory polishing, the gray color of the stainless steel is seen in the flat surface, shiny and opaque at the same time, Dring industry.<\/p>\n<h3>P3 and P4 Polishing<\/h3>\n<p class=\"text-justify\">Polished finishing, scratched from the factory, it can be achieved in different objects or surfaces, flat and tubular, used as well in architecture.<\/p>\n<h3>Mirror Finishing<\/h3>\n<p class=\"text-justify\">It is highly uses in the chemical and pharmaceitucal industry as well as in surgery instruments, it is obtained after the sanitary finishing with a process of polishing with pastes and lubricants.<\/p>\n<\/div><\/div><div class=\"wpb_column grve-column grve-bookmark grve-column-1-3\"><div class=\"grve-element grve-carousel-wrapper\"  style=\" \"><div class=\"grve-carousel-navigation grve-light\" data-navigation-type=\"1\">\t<div class=\"grve-carousel-buttons\">\t\t<div class=\"grve-carousel-prev grve-icon-nav-left\"><\/div>\t\t<div class=\"grve-carousel-next grve-icon-nav-right\"><\/div>\t<\/div><\/div><div class=\"grve-slider grve-carousel-element\" data-slider-speed=\"3500\" data-slider-pause=\"no\" data-navigation-type=\"1\" data-slider-autoplay=\"yes\" data-slider-autoheight=\"no\"><div class=\"grve-slider-item\">\t<figure class=\"grve-image-hover grve-zoom-in\">\t\t<div class=\"grve-media grve-dark-overlay grve-opacity-60\"><img loading=\"lazy\" decoding=\"async\" width=\"200\" height=\"200\" src=\"https:\/\/keydonsa.com\/wp-content\/uploads\/2025\/05\/2.png\" class=\"attachment-grve-image-fullscreen size-grve-image-fullscreen\" alt=\"\" srcset=\"https:\/\/keydonsa.com\/wp-content\/uploads\/2025\/05\/2.png 200w, https:\/\/keydonsa.com\/wp-content\/uploads\/2025\/05\/2-150x150.png 150w, https:\/\/keydonsa.com\/wp-content\/uploads\/2025\/05\/2-12x12.png 12w, https:\/\/keydonsa.com\/wp-content\/uploads\/2025\/05\/2-80x80.png 80w\" sizes=\"auto, (max-width: 200px) 100vw, 200px\" \/>\t\t<\/div><figcaption><h6 class=\"grve-title grve-dark\">2<\/h6><\/figcaption>\t<\/figure><\/div><div class=\"grve-slider-item\">\t<figure class=\"grve-image-hover grve-zoom-in\">\t\t<div class=\"grve-media grve-dark-overlay grve-opacity-60\"><img loading=\"lazy\" decoding=\"async\" width=\"200\" height=\"200\" src=\"https:\/\/keydonsa.com\/wp-content\/uploads\/2025\/05\/1-1.png\" class=\"attachment-grve-image-fullscreen size-grve-image-fullscreen\" alt=\"\" srcset=\"https:\/\/keydonsa.com\/wp-content\/uploads\/2025\/05\/1-1.png 200w, https:\/\/keydonsa.com\/wp-content\/uploads\/2025\/05\/1-1-150x150.png 150w, https:\/\/keydonsa.com\/wp-content\/uploads\/2025\/05\/1-1-12x12.png 12w, https:\/\/keydonsa.com\/wp-content\/uploads\/2025\/05\/1-1-80x80.png 80w\" sizes=\"auto, (max-width: 200px) 100vw, 200px\" \/>\t\t<\/div><figcaption><h6 class=\"grve-title grve-dark\">1<\/h6><\/figcaption>\t<\/figure><\/div>\t<\/div><\/div><\/div><\/div><\/div><\/div><div class=\"vc_tta-panel\" id=\"1747601114433-c2a7d5e8-01d9\" data-vc-content=\".vc_tta-panel-body\"><div class=\"vc_tta-panel-heading\"><h4 class=\"vc_tta-panel-title\"><a href=\"#1747601114433-c2a7d5e8-01d9\" data-vc-accordion data-vc-container=\".vc_tta-container\"><span class=\"vc_tta-title-text\">Finishing on carbon steel<\/span><\/a><\/h4><\/div><div class=\"vc_tta-panel-body\"><div class=\"grve-row grve-bookmark\"><div class=\"wpb_column grve-column grve-bookmark grve-column-2-3\"><div class=\"grve-element grve-text\"><h3>Sand-Blast<\/h3>\n<p class=\"text-justify\">with this process - Mainly used on carbon steel - The impact of the sand over a metalic surface is able to remove any unwanted rust or finishing, later; some other special finishings are applied to have some excellent stick to the metal. It is also used in stainless steel to generate a, opaque and uniform surface.<\/p>\n<h3>Exponic and Poliuretane<\/h3>\n<p class=\"text-justify\">Epoxic paints and poliuretane are applied on carbon steel.<\/p>\n<h3>Food-graded Finishing<\/h3>\n<p class=\"text-justify\">Procss used to cover the interior surface of a carbon steel container or recipient with an oilskin layer capable of containing liquids for human consumption and resis chemical substances such as acids, increasing the life of the recipient. In this category we have: Neoprene, Food-grade neoprene, PVDF, teflon.<\/p>\n<h3>Other Finishings and Containers<\/h3>\n<p class=\"text-justify\">Electrostatic baked paint for big diameter recipients as well as internal covering and various objects.<\/p>\n<\/div><\/div><div class=\"wpb_column grve-column grve-bookmark grve-column-1-3\"><div class=\"grve-element grve-carousel-wrapper\"  style=\" \"><div class=\"grve-carousel-navigation grve-light\" data-navigation-type=\"1\">\t<div class=\"grve-carousel-buttons\">\t\t<div class=\"grve-carousel-prev grve-icon-nav-left\"><\/div>\t\t<div class=\"grve-carousel-next grve-icon-nav-right\"><\/div>\t<\/div><\/div><div class=\"grve-slider grve-carousel-element\" data-slider-speed=\"3500\" data-slider-pause=\"no\" data-navigation-type=\"1\" data-slider-autoplay=\"yes\" data-slider-autoheight=\"no\"><div class=\"grve-slider-item\">\t<figure class=\"grve-image-hover grve-zoom-in\">\t\t<div class=\"grve-media grve-dark-overlay grve-opacity-60\"><img loading=\"lazy\" decoding=\"async\" width=\"240\" height=\"180\" src=\"https:\/\/keydonsa.com\/wp-content\/uploads\/2025\/05\/3.png\" class=\"attachment-grve-image-fullscreen size-grve-image-fullscreen\" alt=\"\" srcset=\"https:\/\/keydonsa.com\/wp-content\/uploads\/2025\/05\/3.png 240w, https:\/\/keydonsa.com\/wp-content\/uploads\/2025\/05\/3-16x12.png 16w\" sizes=\"auto, (max-width: 240px) 100vw, 240px\" \/>\t\t<\/div><figcaption><h6 class=\"grve-title grve-dark\">3<\/h6><\/figcaption>\t<\/figure><\/div><div class=\"grve-slider-item\">\t<figure class=\"grve-image-hover grve-zoom-in\">\t\t<div class=\"grve-media grve-dark-overlay grve-opacity-60\"><img loading=\"lazy\" decoding=\"async\" width=\"240\" height=\"180\" src=\"https:\/\/keydonsa.com\/wp-content\/uploads\/2025\/05\/4.png\" class=\"attachment-grve-image-fullscreen size-grve-image-fullscreen\" alt=\"\" srcset=\"https:\/\/keydonsa.com\/wp-content\/uploads\/2025\/05\/4.png 240w, https:\/\/keydonsa.com\/wp-content\/uploads\/2025\/05\/4-16x12.png 16w\" sizes=\"auto, (max-width: 240px) 100vw, 240px\" \/>\t\t<\/div><figcaption><h6 class=\"grve-title grve-dark\">4<\/h6><\/figcaption>\t<\/figure><\/div>\t<\/div><\/div><\/div><\/div><\/div><\/div><\/div><\/div><\/div><\/div><\/div><div class=\"wpb_column grve-column grve-bookmark grve-column-1\"><\/div><div class=\"wpb_column grve-column grve-bookmark grve-column-1\"><\/div> <\/div><div class=\"grve-background-wrapper\"><\/div><\/div>","protected":false},"excerpt":{"rendered":"Instalaciones y pruebasAcabados en acero inoxidableAcabados en acero al carb\u00f3nInstalaciones y pruebasInstalaci\u00f3n de Equipos en Campo. Nuestra empresa puede hacer la instalaci\u00f3n en campo as\u00ed como realizar las diferentes interconexiones que se requieran entre equipos suministrados por nosotros y dem\u00e1s adquiridos por ustedes en su conjunto. Pruebas no Destructivas a Nuestros Equipos (Radiograf\u00eda, L\u00edquidos Penetrantes) [...]","protected":false},"author":1,"featured_media":0,"parent":0,"menu_order":0,"comment_status":"open","ping_status":"closed","template":"","meta":{"footnotes":""},"class_list":["post-694","page","type-page","status-publish","hentry"],"_links":{"self":[{"href":"https:\/\/keydonsa.com\/en\/wp-json\/wp\/v2\/pages\/694","targetHints":{"allow":["GET"]}}],"collection":[{"href":"https:\/\/keydonsa.com\/en\/wp-json\/wp\/v2\/pages"}],"about":[{"href":"https:\/\/keydonsa.com\/en\/wp-json\/wp\/v2\/types\/page"}],"author":[{"embeddable":true,"href":"https:\/\/keydonsa.com\/en\/wp-json\/wp\/v2\/users\/1"}],"replies":[{"embeddable":true,"href":"https:\/\/keydonsa.com\/en\/wp-json\/wp\/v2\/comments?post=694"}],"version-history":[{"count":9,"href":"https:\/\/keydonsa.com\/en\/wp-json\/wp\/v2\/pages\/694\/revisions"}],"predecessor-version":[{"id":4654,"href":"https:\/\/keydonsa.com\/en\/wp-json\/wp\/v2\/pages\/694\/revisions\/4654"}],"wp:attachment":[{"href":"https:\/\/keydonsa.com\/en\/wp-json\/wp\/v2\/media?parent=694"}],"curies":[{"name":"wp","href":"https:\/\/api.w.org\/{rel}","templated":true}]}}